{"id":334,"date":"2023-11-02T18:33:35","date_gmt":"2023-11-02T15:33:35","guid":{"rendered":"https:\/\/ptrustacademy.com\/egitimlerimiz\/"},"modified":"2024-02-19T17:48:56","modified_gmt":"2024-02-19T14:48:56","slug":"our-educations","status":"publish","type":"page","link":"https:\/\/ptrustacademy.com\/en\/our-educations\/","title":{"rendered":"Our Educations"},"content":{"rendered":"<p>Buraya i\u00e7erik gelecek. Buraya i\u00e7erik gelecek. Buraya i\u00e7erik gelecek. Buraya i\u00e7erik gelecek. Buraya i\u00e7erik gelecek. Buraya i\u00e7erik gelecek. Buraya i\u00e7erik gelecek. Buraya i\u00e7erik gelecek. Buraya i\u00e7erik gelecek. Buraya i\u00e7erik gelecek. Buraya i\u00e7erik gelecek. Buraya i\u00e7erik gelecek. Buraya i\u00e7erik gelecek. Buraya i\u00e7erik gelecek. Buraya i\u00e7erik gelecek. Buraya i\u00e7erik gelecek. Buraya i\u00e7erik gelecek. Buraya i\u00e7erik gelecek. Buraya i\u00e7erik gelecek. Buraya i\u00e7erik gelecek. Buraya i\u00e7erik gelecek. Buraya i\u00e7erik gelecek. Buraya i\u00e7erik gelecek. Buraya i\u00e7erik gelecek. Buraya i\u00e7erik gelecek. Buraya i\u00e7erik gelecek. Buraya i\u00e7erik gelecek.<\/p>\n<p>Buraya i\u00e7erik gelecek. Buraya i\u00e7erik gelecek. Buraya i\u00e7erik gelecek. Buraya i\u00e7erik gelecek. Buraya i\u00e7erik gelecek. Buraya i\u00e7erik gelecek. Buraya i\u00e7erik gelecek. Buraya i\u00e7erik gelecek. Buraya i\u00e7erik gelecek. Buraya i\u00e7erik gelecek. Buraya i\u00e7erik gelecek. Buraya i\u00e7erik gelecek. Buraya i\u00e7erik gelecek. Buraya i\u00e7erik gelecek. Buraya i\u00e7erik gelecek. Buraya i\u00e7erik gelecek. Buraya i\u00e7erik gelecek. Buraya i\u00e7erik gelecek. Buraya i\u00e7erik gelecek. Buraya i\u00e7erik gelecek. Buraya i\u00e7erik gelecek. Buraya i\u00e7erik gelecek. Buraya i\u00e7erik gelecek. Buraya i\u00e7erik gelecek. Buraya i\u00e7erik gelecek. Buraya i\u00e7erik gelecek. Buraya i\u00e7erik gelecek.<\/p>\n<p>Buraya i\u00e7erik gelecek. Buraya i\u00e7erik gelecek. Buraya i\u00e7erik gelecek. Buraya i\u00e7erik gelecek. Buraya i\u00e7erik gelecek. Buraya i\u00e7erik gelecek. Buraya i\u00e7erik gelecek. Buraya i\u00e7erik gelecek. Buraya i\u00e7erik gelecek. Buraya i\u00e7erik gelecek. Buraya i\u00e7erik gelecek. Buraya i\u00e7erik gelecek. Buraya i\u00e7erik gelecek. Buraya i\u00e7erik gelecek. Buraya i\u00e7erik gelecek. Buraya i\u00e7erik gelecek. Buraya i\u00e7erik gelecek. Buraya i\u00e7erik gelecek. Buraya i\u00e7erik gelecek. Buraya i\u00e7erik gelecek. Buraya i\u00e7erik gelecek. Buraya i\u00e7erik gelecek. Buraya i\u00e7erik gelecek. Buraya i\u00e7erik gelecek. Buraya i\u00e7erik gelecek. Buraya i\u00e7erik gelecek. Buraya i\u00e7erik gelecek.<\/p>\n<p>Buraya i\u00e7erik gelecek. Buraya i\u00e7erik gelecek. Buraya i\u00e7erik gelecek. Buraya i\u00e7erik gelecek. Buraya i\u00e7erik gelecek. Buraya i\u00e7erik gelecek. Buraya i\u00e7erik gelecek. Buraya i\u00e7erik gelecek. Buraya i\u00e7erik gelecek. Buraya i\u00e7erik gelecek. Buraya i\u00e7erik gelecek. Buraya i\u00e7erik gelecek. Buraya i\u00e7erik gelecek. Buraya i\u00e7erik gelecek. Buraya i\u00e7erik gelecek. Buraya i\u00e7erik gelecek. Buraya i\u00e7erik gelecek. Buraya i\u00e7erik gelecek. Buraya i\u00e7erik gelecek. Buraya i\u00e7erik gelecek. Buraya i\u00e7erik gelecek. Buraya i\u00e7erik gelecek. Buraya i\u00e7erik gelecek. Buraya i\u00e7erik gelecek. Buraya i\u00e7erik gelecek. Buraya i\u00e7erik gelecek. Buraya i\u00e7erik gelecek.\u00a0<\/p>\n","protected":false},"excerpt":{"rendered":"<p>Buraya i\u00e7erik gelecek. Buraya i\u00e7erik gelecek. Buraya i\u00e7erik gelecek. Buraya i\u00e7erik gelecek. Buraya i\u00e7erik gelecek. Buraya i\u00e7erik gelecek. Buraya i\u00e7erik gelecek. Buraya i\u00e7erik gelecek. Buraya i\u00e7erik gelecek. Buraya i\u00e7erik gelecek. Buraya i\u00e7erik gelecek. Buraya i\u00e7erik gelecek. Buraya i\u00e7erik gelecek. Buraya i\u00e7erik gelecek. Buraya i\u00e7erik gelecek. Buraya i\u00e7erik gelecek. Buraya i\u00e7erik gelecek. Buraya i\u00e7erik gelecek. Buraya [&hellip;]<\/p>\n","protected":false},"author":1,"featured_media":0,"parent":0,"menu_order":0,"comment_status":"closed","ping_status":"closed","template":"page-egitims.php","meta":{"footnotes":"","_links_to":"","_links_to_target":""},"class_list":["post-334","page","type-page","status-publish","hentry"],"aioseo_notices":[],"_links":{"self":[{"href":"https:\/\/ptrustacademy.com\/en\/wp-json\/wp\/v2\/pages\/334","targetHints":{"allow":["GET"]}}],"collection":[{"href":"https:\/\/ptrustacademy.com\/en\/wp-json\/wp\/v2\/pages"}],"about":[{"href":"https:\/\/ptrustacademy.com\/en\/wp-json\/wp\/v2\/types\/page"}],"author":[{"embeddable":true,"href":"https:\/\/ptrustacademy.com\/en\/wp-json\/wp\/v2\/users\/1"}],"replies":[{"embeddable":true,"href":"https:\/\/ptrustacademy.com\/en\/wp-json\/wp\/v2\/comments?post=334"}],"version-history":[{"count":1,"href":"https:\/\/ptrustacademy.com\/en\/wp-json\/wp\/v2\/pages\/334\/revisions"}],"predecessor-version":[{"id":379,"href":"https:\/\/ptrustacademy.com\/en\/wp-json\/wp\/v2\/pages\/334\/revisions\/379"}],"wp:attachment":[{"href":"https:\/\/ptrustacademy.com\/en\/wp-json\/wp\/v2\/media?parent=334"}],"curies":[{"name":"wp","href":"https:\/\/api.w.org\/{rel}","templated":true}]}}