{"id":337,"date":"2023-11-02T18:20:38","date_gmt":"2023-11-02T15:20:38","guid":{"rendered":"https:\/\/ptrustacademy.com\/hakkimizda\/"},"modified":"2024-11-06T12:01:22","modified_gmt":"2024-11-06T09:01:22","slug":"about-us","status":"publish","type":"page","link":"https:\/\/ptrustacademy.com\/en\/about-us\/","title":{"rendered":"About Us"},"content":{"rendered":"<div id=\"attachment_324\" style=\"width: 335px\" class=\"wp-caption alignleft\"><a href=\"https:\/\/ptrustacademy.com\/wp-content\/uploads\/2024\/01\/Doc.Dr_.-Gulcan-Harput.jpg\"><img loading=\"lazy\" decoding=\"async\" aria-describedby=\"caption-attachment-324\" class=\"wp-image-324\" src=\"https:\/\/ptrustacademy.com\/wp-content\/uploads\/2024\/01\/Doc.Dr_.-Gulcan-Harput.jpg\" alt=\"Prof.Dr.G\u00fclcan Harput\" width=\"325\" height=\"409\" srcset=\"https:\/\/ptrustacademy.com\/wp-content\/uploads\/2024\/01\/Doc.Dr_.-Gulcan-Harput.jpg 814w, https:\/\/ptrustacademy.com\/wp-content\/uploads\/2024\/01\/Doc.Dr_.-Gulcan-Harput-238x300.jpg 238w, https:\/\/ptrustacademy.com\/wp-content\/uploads\/2024\/01\/Doc.Dr_.-Gulcan-Harput-768x966.jpg 768w\" sizes=\"auto, (max-width: 325px) 100vw, 325px\" \/><\/a><p id=\"caption-attachment-324\" class=\"wp-caption-text\">Prof.Dr.G\u00fclcan Harput<\/p><\/div>\n<p>\u00c7a\u011f\u0131m\u0131z\u0131n belki de en b\u00fcy\u00fck sorunlar\u0131ndan birisi g\u00fcvenmek.<\/p>\n<p>\u0130yile\u015fmek i\u00e7in do\u011fru terapisti bulmak, size sunulan tedavinin ger\u00e7ekten ihtiyac\u0131n\u0131z olan tedavi olup olmad\u0131\u011f\u0131ndan emin olmak istemez misiniz? Do\u011fru ellerde fiziksel aktivitenizi ve sa\u011fl\u0131\u011f\u0131n\u0131z\u0131 geli\u015ftirmek i\u00e7in bir ad\u0131m atmak istemez misiniz? <strong>PTrust Academy<\/strong> ile, alan\u0131nda uzman fizyoterapistler e\u015fli\u011finde fizyoterapi hizmeti sunan bir dan\u0131\u015fmanl\u0131k merkezi olarak g\u00fcvenin ve kalitenin simgesi olarak yola \u00e7\u0131kt\u0131k. Bu akademi; empati, g\u00fcven, samimiyet ve fark\u0131ndal\u0131k \u00fczerine in\u015fa edilmi\u015ftir. Pop\u00fcler, yarardan \u00e7ok zarar\u0131 olan uygulamalardan uzak, ihtiyac\u0131n\u0131z olan yani size \u00f6zel bilimsel temeli yakla\u015f\u0131mlarla probleminize \u00e7are bulmak i\u00e7in burday\u0131z. Egzersiz yapmay\u0131 bir al\u0131\u015fkanl\u0131k haline getirerek yaralanmalardan \u00f6nleyici koruyucu yakla\u015f\u0131mlar\u0131 sizlere \u00f6\u011fretmek istiyoruz. Profesyonel veya rekreasyonel sporcular\u0131m\u0131za, egzersiz yapmak isteyen sedanter bireylerimize, yaralanma ge\u00e7irmi\u015f veya cerrahi olmu\u015f ve fizyoterapiye ihtiyac\u0131 olan dan\u0131\u015fanlar\u0131m\u0131za yard\u0131mc\u0131 olmak i\u00e7in burday\u0131z.<\/p>\n<p>Bilgi payla\u015farak \u00e7o\u011fal\u0131r. Hem meslekta\u015flar\u0131m\u0131za hem de dan\u0131\u015fanlar\u0131m\u0131za, g\u00fcncel ve kan\u0131ta dayal\u0131 bilgilerin yan\u0131nda tecr\u00fcbelerimizi de aktard\u0131\u011f\u0131m\u0131z akademimizde sizlere dan\u0131\u015fmanl\u0131k vermekten \u00e7ok mutluyuz.<\/p>\n<p><strong><a href=\"https:\/\/ptrustacademy.com\/en\/ekip\/prof-dr-gulcan-harput\/\">Prof.Dr.G\u00fclcan Harput<\/a>\u00a0&#8211; PTrust Academy\u00a0 Kurucusu<\/strong><\/p>\n","protected":false},"excerpt":{"rendered":"<p>\u00c7a\u011f\u0131m\u0131z\u0131n belki de en b\u00fcy\u00fck sorunlar\u0131ndan birisi g\u00fcvenmek. \u0130yile\u015fmek i\u00e7in do\u011fru terapisti bulmak, size sunulan tedavinin ger\u00e7ekten ihtiyac\u0131n\u0131z olan tedavi olup olmad\u0131\u011f\u0131ndan emin olmak istemez misiniz? Do\u011fru ellerde fiziksel aktivitenizi ve sa\u011fl\u0131\u011f\u0131n\u0131z\u0131 geli\u015ftirmek i\u00e7in bir ad\u0131m atmak istemez misiniz? PTrust Academy ile, alan\u0131nda uzman fizyoterapistler e\u015fli\u011finde fizyoterapi hizmeti sunan bir dan\u0131\u015fmanl\u0131k merkezi olarak g\u00fcvenin ve [&hellip;]<\/p>\n","protected":false},"author":1,"featured_media":0,"parent":0,"menu_order":0,"comment_status":"closed","ping_status":"closed","template":"","meta":{"footnotes":"","_links_to":"","_links_to_target":""},"class_list":["post-337","page","type-page","status-publish","hentry"],"aioseo_notices":[],"_links":{"self":[{"href":"https:\/\/ptrustacademy.com\/en\/wp-json\/wp\/v2\/pages\/337","targetHints":{"allow":["GET"]}}],"collection":[{"href":"https:\/\/ptrustacademy.com\/en\/wp-json\/wp\/v2\/pages"}],"about":[{"href":"https:\/\/ptrustacademy.com\/en\/wp-json\/wp\/v2\/types\/page"}],"author":[{"embeddable":true,"href":"https:\/\/ptrustacademy.com\/en\/wp-json\/wp\/v2\/users\/1"}],"replies":[{"embeddable":true,"href":"https:\/\/ptrustacademy.com\/en\/wp-json\/wp\/v2\/comments?post=337"}],"version-history":[{"count":2,"href":"https:\/\/ptrustacademy.com\/en\/wp-json\/wp\/v2\/pages\/337\/revisions"}],"predecessor-version":[{"id":390,"href":"https:\/\/ptrustacademy.com\/en\/wp-json\/wp\/v2\/pages\/337\/revisions\/390"}],"wp:attachment":[{"href":"https:\/\/ptrustacademy.com\/en\/wp-json\/wp\/v2\/media?parent=337"}],"curies":[{"name":"wp","href":"https:\/\/api.w.org\/{rel}","templated":true}]}}