{"id":339,"date":"2024-01-01T17:36:51","date_gmt":"2024-01-01T14:36:51","guid":{"rendered":"https:\/\/ptrustacademy.com\/fizyoterapi-hizmetlerimiz\/bantlama\/"},"modified":"2024-01-01T17:36:51","modified_gmt":"2024-01-01T14:36:51","slug":"bantlama","status":"publish","type":"page","link":"https:\/\/ptrustacademy.com\/en\/our-physiotherapy-services\/bantlama\/","title":{"rendered":"Bantlama"},"content":{"rendered":"<p><a href=\"https:\/\/demo.ptrustacademy.com\/wp-content\/uploads\/2024\/01\/image00006-scaled.jpeg\"><img loading=\"lazy\" decoding=\"async\" class=\"alignleft size-medium wp-image-179\" src=\"https:\/\/demo.ptrustacademy.com\/wp-content\/uploads\/2024\/01\/image00006-225x300.jpeg\" alt=\"\" width=\"225\" height=\"300\" srcset=\"https:\/\/ptrustacademy.com\/wp-content\/uploads\/2024\/01\/image00006-225x300.jpeg 225w, https:\/\/ptrustacademy.com\/wp-content\/uploads\/2024\/01\/image00006-768x1024.jpeg 768w, https:\/\/ptrustacademy.com\/wp-content\/uploads\/2024\/01\/image00006-1152x1536.jpeg 1152w, https:\/\/ptrustacademy.com\/wp-content\/uploads\/2024\/01\/image00006-1536x2048.jpeg 1536w, https:\/\/ptrustacademy.com\/wp-content\/uploads\/2024\/01\/image00006-scaled.jpeg 1920w\" sizes=\"auto, (max-width: 225px) 100vw, 225px\" \/><\/a>Bantlama, v\u00fccudun farkl\u0131 k\u0131s\u0131mlar\u0131n\u0131 desteklemek veya stabilize etmek i\u00e7in yap\u0131\u015fkan bantlar\u0131n kullan\u0131lmas\u0131n\u0131 i\u00e7eren bir tekniktir. Bantlama s\u0131kl\u0131kla a\u011fr\u0131y\u0131 dindirmek, yaralanmalar\u0131 \u00f6nlemek veya kan dola\u015f\u0131m\u0131n\u0131 artt\u0131rmak gibi \u00e7e\u015fitli ama\u00e7larla kullan\u0131lmaktad\u0131r. Bu uygulama sadece sporcularla s\u0131n\u0131rl\u0131 de\u011fil her ya\u015f ve hasta grubundan bireyler \u00fczerinde de uygun ko\u015fullar alt\u0131nda kullan\u0131labilir. Bantlaman\u0131n rehabilitasyon ve yaralanmalar\u0131n \u00f6nlenmesinde de\u011ferli bir yard\u0131mc\u0131 olabilece\u011fini ancak tek ba\u015f\u0131na bir tedavi olmad\u0131\u011f\u0131n\u0131 unutmamak \u00f6nemlidir. Bantlama s\u0131kl\u0131kla egzersiz, manuel terapi ve fizyoterapi gibi di\u011fer terap\u00f6tik m\u00fcdahalelerle birlikte kullan\u0131l\u0131r. Ek olarak bantlama, her bantlama t\u00fcr\u00fcyle ilgili spesifik hedefleri ve teknikleri anlayan e\u011fitimli profesyoneller taraf\u0131ndan uygulanmal\u0131d\u0131r.<\/p>\n<p>Her biri belirli i\u015flevlere hizmet eden farkl\u0131 t\u00fcrde bantlama teknikleri vard\u0131r.<\/p>\n<p>S\u0131k kullan\u0131lan bantlama bi\u00e7imleri:<\/p>\n<p>Kineziyolojik Bantlama : Kinezyo bantlama, hareketi k\u0131s\u0131tlamadan kaslara ve eklemlere destek sa\u011flamak i\u00e7in cilde uygulanan esnek, elastik bir bantt\u0131r. Kinezyo bantlama Fizyoterapistler taraf\u0131ndan yayg\u0131n olarak kullan\u0131lmaktad\u0131r. Kinezyo bantlama ile dola\u015f\u0131m\u0131n artmas\u0131, a\u011fr\u0131n\u0131n azalt\u0131lmas\u0131 ve dokulara duyusal girdiler sa\u011flanmas\u0131 hedeflenir. Farkl\u0131 terap\u00f6tik hedeflere ula\u015fmak i\u00e7in s\u0131kl\u0131kla belirli modellerde uygulan\u0131r.<a href=\"https:\/\/demo.ptrustacademy.com\/wp-content\/uploads\/2024\/01\/image00007-scaled.jpeg\"><img loading=\"lazy\" decoding=\"async\" class=\"size-medium wp-image-180 alignright\" src=\"https:\/\/demo.ptrustacademy.com\/wp-content\/uploads\/2024\/01\/image00007-225x300.jpeg\" alt=\"\" width=\"225\" height=\"300\" srcset=\"https:\/\/ptrustacademy.com\/wp-content\/uploads\/2024\/01\/image00007-225x300.jpeg 225w, https:\/\/ptrustacademy.com\/wp-content\/uploads\/2024\/01\/image00007-768x1024.jpeg 768w, https:\/\/ptrustacademy.com\/wp-content\/uploads\/2024\/01\/image00007-1152x1536.jpeg 1152w, https:\/\/ptrustacademy.com\/wp-content\/uploads\/2024\/01\/image00007-1536x2048.jpeg 1536w, https:\/\/ptrustacademy.com\/wp-content\/uploads\/2024\/01\/image00007-scaled.jpeg 1920w\" sizes=\"auto, (max-width: 225px) 100vw, 225px\" \/><\/a><\/p>\n<p>Rijit Bantlama: Eklemlere ve kaslara destek sa\u011flayan sert, elastik olmayan bir bantt\u0131r. Genellikle ayak bilekleri veya bilekler gibi yaral\u0131 b\u00f6lgeleri stabilize etmek ve korumak i\u00e7in kullan\u0131l\u0131r. Atletik bant, sporda yaralanmalar\u0131 \u00f6nlemek veya y\u00f6netmek i\u00e7in s\u0131kl\u0131kla kullan\u0131l\u0131r ve eklem hareketlili\u011fini bir dereceye kadar s\u0131n\u0131rlayabilir.<\/p>\n<p>McConnell Bantlama: Bu teknik \u00f6ncelikle dizi etkileyen bir durum olan patellofemoral a\u011fr\u0131 sendromu i\u00e7in kullan\u0131l\u0131r. McConnell bantlama, patellan\u0131n (diz kapa\u011f\u0131) hizas\u0131n\u0131 de\u011fi\u015ftirmek ve hareket s\u0131ras\u0131nda a\u011fr\u0131y\u0131 azaltmak i\u00e7in yap\u0131\u015fkan band\u0131n belirli bir \u015fekilde uygulanmas\u0131n\u0131 i\u00e7erir.<\/p>\n","protected":false},"excerpt":{"rendered":"<p>Bantlama, v\u00fccudun farkl\u0131 k\u0131s\u0131mlar\u0131n\u0131 desteklemek veya stabilize etmek i\u00e7in yap\u0131\u015fkan bantlar\u0131n kullan\u0131lmas\u0131n\u0131 i\u00e7eren bir tekniktir. Bantlama s\u0131kl\u0131kla a\u011fr\u0131y\u0131 dindirmek, yaralanmalar\u0131 \u00f6nlemek veya kan dola\u015f\u0131m\u0131n\u0131 artt\u0131rmak gibi \u00e7e\u015fitli ama\u00e7larla kullan\u0131lmaktad\u0131r. Bu uygulama sadece sporcularla s\u0131n\u0131rl\u0131 de\u011fil her ya\u015f ve hasta grubundan bireyler \u00fczerinde de uygun ko\u015fullar alt\u0131nda kullan\u0131labilir. Bantlaman\u0131n rehabilitasyon ve yaralanmalar\u0131n \u00f6nlenmesinde de\u011ferli bir yard\u0131mc\u0131 [&hellip;]<\/p>\n","protected":false},"author":1,"featured_media":288,"parent":336,"menu_order":0,"comment_status":"closed","ping_status":"closed","template":"","meta":{"footnotes":"","_links_to":"","_links_to_target":""},"class_list":["post-339","page","type-page","status-publish","has-post-thumbnail","hentry"],"aioseo_notices":[],"_links":{"self":[{"href":"https:\/\/ptrustacademy.com\/en\/wp-json\/wp\/v2\/pages\/339","targetHints":{"allow":["GET"]}}],"collection":[{"href":"https:\/\/ptrustacademy.com\/en\/wp-json\/wp\/v2\/pages"}],"about":[{"href":"https:\/\/ptrustacademy.com\/en\/wp-json\/wp\/v2\/types\/page"}],"author":[{"embeddable":true,"href":"https:\/\/ptrustacademy.com\/en\/wp-json\/wp\/v2\/users\/1"}],"replies":[{"embeddable":true,"href":"https:\/\/ptrustacademy.com\/en\/wp-json\/wp\/v2\/comments?post=339"}],"version-history":[{"count":0,"href":"https:\/\/ptrustacademy.com\/en\/wp-json\/wp\/v2\/pages\/339\/revisions"}],"up":[{"embeddable":true,"href":"https:\/\/ptrustacademy.com\/en\/wp-json\/wp\/v2\/pages\/336"}],"wp:featuredmedia":[{"embeddable":true,"href":"https:\/\/ptrustacademy.com\/en\/wp-json\/wp\/v2\/media\/288"}],"wp:attachment":[{"href":"https:\/\/ptrustacademy.com\/en\/wp-json\/wp\/v2\/media?parent=339"}],"curies":[{"name":"wp","href":"https:\/\/api.w.org\/{rel}","templated":true}]}}