{"id":340,"date":"2024-01-01T17:38:51","date_gmt":"2024-01-01T14:38:51","guid":{"rendered":"https:\/\/ptrustacademy.com\/fizyoterapi-hizmetlerimiz\/cerrahi-sonrasi-fizyoterapi\/"},"modified":"2024-01-01T17:38:51","modified_gmt":"2024-01-01T14:38:51","slug":"cerrahi-sonrasi-fizyoterapi","status":"publish","type":"page","link":"https:\/\/ptrustacademy.com\/en\/our-physiotherapy-services\/cerrahi-sonrasi-fizyoterapi\/","title":{"rendered":"Cerrahi Sonras\u0131 Fizyoterapi"},"content":{"rendered":"<p><a href=\"https:\/\/demo.ptrustacademy.com\/wp-content\/uploads\/2024\/01\/image00010-scaled.jpeg\"><img loading=\"lazy\" decoding=\"async\" class=\"alignleft size-medium wp-image-185\" src=\"https:\/\/demo.ptrustacademy.com\/wp-content\/uploads\/2024\/01\/image00010-225x300.jpeg\" alt=\"\" width=\"225\" height=\"300\" srcset=\"https:\/\/ptrustacademy.com\/wp-content\/uploads\/2024\/01\/image00010-225x300.jpeg 225w, https:\/\/ptrustacademy.com\/wp-content\/uploads\/2024\/01\/image00010-768x1024.jpeg 768w, https:\/\/ptrustacademy.com\/wp-content\/uploads\/2024\/01\/image00010-1152x1536.jpeg 1152w, https:\/\/ptrustacademy.com\/wp-content\/uploads\/2024\/01\/image00010-1536x2048.jpeg 1536w, https:\/\/ptrustacademy.com\/wp-content\/uploads\/2024\/01\/image00010-scaled.jpeg 1920w\" sizes=\"auto, (max-width: 225px) 100vw, 225px\" \/><\/a>Fizyoterapi, ortopedik cerrahi sonras\u0131 rehabilitasyon s\u00fcrecinde \u00e7ok \u00f6nemli bir rol oynamaktad\u0131r. Ortopedik cerrahiyi takiben fizyoterapinin birincil hedefleri iyile\u015fmeyi te\u015fvik etmek, hareketlili\u011fi\/kas kuvvetini artt\u0131rmak, fonksiyonu yeniden kazand\u0131rmak, a\u011fr\u0131y\u0131 azaltmak ve hastan\u0131n iyile\u015fme s\u00fcrecini h\u0131zland\u0131rmakt\u0131r. Fizyoterapi planlamas\u0131, ger\u00e7ekle\u015ftirilen ameliyat\u0131n t\u00fcr\u00fcne, bireyin sa\u011fl\u0131k durumuna ve cerrah\u0131n tavsiyelerine ba\u011fl\u0131 olmal\u0131d\u0131r. Ortopedik cerrahi sonras\u0131 fizyoterapinin baz\u0131 \u00f6nemli y\u00f6nleri \u015funlard\u0131r:<\/p>\n<p>Erken D\u00f6nem Fizyoterapi: Fizyoterapi genellikle ameliyattan hemen sonra ba\u015flar. Eklem sertli\u011fi \u00f6nlemek ve dola\u015f\u0131m\u0131 te\u015fvik etmek i\u00e7in yumu\u015fak ve kontroll\u00fc hareketlere odaklan\u0131r. Erken mobilizasyon, eklem\/kas yap\u0131\u015f\u0131kl\u0131klar\u0131 ve p\u0131ht\u0131\/emboli gibi komplikasyon risklerinin azalt\u0131lmas\u0131na yard\u0131mc\u0131 olur.<\/p>\n<p>A\u011fr\u0131 Kontrol\u00fc: Fizyoterapistler, manuel terapi, \u00e7e\u015fitli modaliteler (buz veya s\u0131cak terapisi gibi) ve egzersizler dahil olmak \u00fczere \u00e7e\u015fitli tekniklerle ameliyat sonras\u0131nda hissedilen a\u011fr\u0131y\u0131 azaltmay\u0131 hedefler. Rehabilitasyona aktif kat\u0131l\u0131m\u0131 te\u015fvik etmek i\u00e7in a\u011fr\u0131 y\u00f6netimi \u00f6nemlidir.<\/p>\n<p>Eklem Hareket A\u00e7\u0131kl\u0131\u011f\u0131 Egzersizleri: Eklem hareketini art\u0131rmak i\u00e7in kademeli ve kontroll\u00fc bir \u015fekilde eklem hareket a\u00e7\u0131kl\u0131\u011f\u0131 egzersizleri uygulan\u0131r. Bu egzersizler eklem sertli\u011finin \u00f6nlenmesine yard\u0131mc\u0131 olur ve bireyin g\u00fcnl\u00fck aktiviteleri ger\u00e7ekle\u015ftirme yetene\u011fini art\u0131r\u0131r.<\/p>\n<p>Kuvvet E\u011fitimi: Ameliyat veya hareketsizlik nedeniyle kaybedilmi\u015f olabilecek kas kuvvetini yeniden kazanmak i\u00e7in fizyoterapistler taraf\u0131ndan kuvvetlendirme egzersizleri uygulan\u0131r. Kuvvetlendirme egzersizleri, spesifik cerrahi prosed\u00fcre, bireyin genel sa\u011fl\u0131k ve kondisyon seviyesine g\u00f6re uyarlan\u0131r.<a href=\"https:\/\/demo.ptrustacademy.com\/wp-content\/uploads\/2024\/01\/image00011-scaled.jpeg\"><img loading=\"lazy\" decoding=\"async\" class=\"size-medium wp-image-186 alignright\" src=\"https:\/\/demo.ptrustacademy.com\/wp-content\/uploads\/2024\/01\/image00011-225x300.jpeg\" alt=\"\" width=\"225\" height=\"300\" srcset=\"https:\/\/ptrustacademy.com\/wp-content\/uploads\/2024\/01\/image00011-225x300.jpeg 225w, https:\/\/ptrustacademy.com\/wp-content\/uploads\/2024\/01\/image00011-768x1024.jpeg 768w, https:\/\/ptrustacademy.com\/wp-content\/uploads\/2024\/01\/image00011-1152x1536.jpeg 1152w, https:\/\/ptrustacademy.com\/wp-content\/uploads\/2024\/01\/image00011-1536x2048.jpeg 1536w, https:\/\/ptrustacademy.com\/wp-content\/uploads\/2024\/01\/image00011-scaled.jpeg 1920w\" sizes=\"auto, (max-width: 225px) 100vw, 225px\" \/><\/a><\/p>\n<p>Denge ve koordinasyon: Denge ve koordinasyonu geli\u015ftirmek i\u00e7in fizyoterapi seanslar\u0131na eklem stabilitesine ve propriyosepsiyona (eklem pozisyonunun fark\u0131ndal\u0131\u011f\u0131) odaklanan egzersizler dahil edilir. Bu egzersizler \u00f6zellikle diz ve omuz eklemini i\u00e7eren ameliyatlar i\u00e7in \u00f6nemlidir.<\/p>\n<p>Fonksiyonel Egzersizler: Fizyoterapi seanslar\u0131, hastan\u0131n g\u00fcnl\u00fck ya\u015fam\u0131 ve aktiviteleriyle ilgili fonksiyonel aktiviteleri i\u00e7ermelidir. Bu aktiviteler y\u00fcr\u00fcme, merdiven \u00e7\u0131kma, uzanma ve ger\u00e7ek hayattaki g\u00f6revleri taklit eden di\u011fer hareketleri i\u00e7erir.<\/p>\n<p>Duru\u015f ve V\u00fccut Mekani\u011fi: Bireyler, cerrahi b\u00f6lgedeki kas gerilimini \u00f6nlemek ve optimal iyile\u015fmeyi desteklemek i\u00e7in uygun duru\u015f ve v\u00fccut mekani\u011fi konusunda fizyoterapistler taraf\u0131ndan y\u00f6nlendirilmelidir.<\/p>\n<p>Y\u00fcr\u00fcy\u00fc\u015f E\u011fitimi: Alt ekstremite ameliyatlar\u0131nda y\u00fcr\u00fcme e\u011fitimi fizyoterapinin \u00f6nemli bir bile\u015fenidir. Y\u00fcr\u00fcy\u00fc\u015f e\u011fitimi, bireye uygun y\u00fcr\u00fcy\u00fc\u015f paterniyle y\u00fcr\u00fcmeyi \u00f6\u011fretmeyi ve tolere edildi\u011fi \u00f6l\u00e7\u00fcde uygun a\u011f\u0131rl\u0131k aktarmay\u0131 i\u00e7erir.<\/p>\n<p>Evde Egzersiz Programlar\u0131: Fizyoterapistler s\u0131kl\u0131kla hastalara, planlanan terapi seanslar\u0131 d\u0131\u015f\u0131nda rehabilitasyonlar\u0131na devam etmeleri i\u00e7in ki\u015fiselle\u015ftirilmi\u015f ev egzersiz programlar\u0131 olu\u015fturur. Bu programlar\u0131n devaml\u0131l\u0131\u011f\u0131 iyile\u015fme s\u00fcreci i\u00e7in \u00e7ok \u00f6nemlidir.<\/p>\n<p>Bireylerin fizyoterapistleri ve cerrahlar\u0131yla a\u00e7\u0131k bir \u015fekilde ileti\u015fim kurmalar\u0131, endi\u015felerini veya semptomlardaki de\u011fi\u015fiklikleri bildirmeleri \u00f6nemlidir. Fizyoterapi seanslar\u0131n\u0131n s\u00fcresi ve s\u0131kl\u0131\u011f\u0131 ameliyat\u0131n t\u00fcr\u00fcne ve bireysel ilerlemeye g\u00f6re de\u011fi\u015fecektir. Ortopedik cerrahi sonras\u0131 optimal sonu\u00e7lara ula\u015fmak ve fonksiyonel ba\u011f\u0131ms\u0131zl\u0131\u011f\u0131 yeniden kazanmak i\u00e7in \u00f6ng\u00f6r\u00fclen fizyoterapi plan\u0131n\u0131n \u00f6zenle takip edilmesi \u00e7ok \u00f6nemlidir.<\/p>\n<p><a href=\"https:\/\/demo.ptrustacademy.com\/wp-content\/uploads\/2024\/01\/image00021-scaled.jpeg\"><img loading=\"lazy\" decoding=\"async\" class=\"size-medium wp-image-187 aligncenter\" src=\"https:\/\/demo.ptrustacademy.com\/wp-content\/uploads\/2024\/01\/image00021-225x300.jpeg\" alt=\"\" width=\"225\" height=\"300\" srcset=\"https:\/\/ptrustacademy.com\/wp-content\/uploads\/2024\/01\/image00021-225x300.jpeg 225w, https:\/\/ptrustacademy.com\/wp-content\/uploads\/2024\/01\/image00021-768x1024.jpeg 768w, https:\/\/ptrustacademy.com\/wp-content\/uploads\/2024\/01\/image00021-1152x1536.jpeg 1152w, https:\/\/ptrustacademy.com\/wp-content\/uploads\/2024\/01\/image00021-1536x2048.jpeg 1536w, https:\/\/ptrustacademy.com\/wp-content\/uploads\/2024\/01\/image00021-scaled.jpeg 1920w\" sizes=\"auto, (max-width: 225px) 100vw, 225px\" \/><\/a><\/p>\n","protected":false},"excerpt":{"rendered":"<p>Fizyoterapi, ortopedik cerrahi sonras\u0131 rehabilitasyon s\u00fcrecinde \u00e7ok \u00f6nemli bir rol oynamaktad\u0131r. Ortopedik cerrahiyi takiben fizyoterapinin birincil hedefleri iyile\u015fmeyi te\u015fvik etmek, hareketlili\u011fi\/kas kuvvetini artt\u0131rmak, fonksiyonu yeniden kazand\u0131rmak, a\u011fr\u0131y\u0131 azaltmak ve hastan\u0131n iyile\u015fme s\u00fcrecini h\u0131zland\u0131rmakt\u0131r. Fizyoterapi planlamas\u0131, ger\u00e7ekle\u015ftirilen ameliyat\u0131n t\u00fcr\u00fcne, bireyin sa\u011fl\u0131k durumuna ve cerrah\u0131n tavsiyelerine ba\u011fl\u0131 olmal\u0131d\u0131r. Ortopedik cerrahi sonras\u0131 fizyoterapinin baz\u0131 \u00f6nemli y\u00f6nleri \u015funlard\u0131r: Erken [&hellip;]<\/p>\n","protected":false},"author":1,"featured_media":292,"parent":336,"menu_order":0,"comment_status":"closed","ping_status":"closed","template":"","meta":{"footnotes":"","_links_to":"","_links_to_target":""},"class_list":["post-340","page","type-page","status-publish","has-post-thumbnail","hentry"],"aioseo_notices":[],"_links":{"self":[{"href":"https:\/\/ptrustacademy.com\/en\/wp-json\/wp\/v2\/pages\/340","targetHints":{"allow":["GET"]}}],"collection":[{"href":"https:\/\/ptrustacademy.com\/en\/wp-json\/wp\/v2\/pages"}],"about":[{"href":"https:\/\/ptrustacademy.com\/en\/wp-json\/wp\/v2\/types\/page"}],"author":[{"embeddable":true,"href":"https:\/\/ptrustacademy.com\/en\/wp-json\/wp\/v2\/users\/1"}],"replies":[{"embeddable":true,"href":"https:\/\/ptrustacademy.com\/en\/wp-json\/wp\/v2\/comments?post=340"}],"version-history":[{"count":0,"href":"https:\/\/ptrustacademy.com\/en\/wp-json\/wp\/v2\/pages\/340\/revisions"}],"up":[{"embeddable":true,"href":"https:\/\/ptrustacademy.com\/en\/wp-json\/wp\/v2\/pages\/336"}],"wp:featuredmedia":[{"embeddable":true,"href":"https:\/\/ptrustacademy.com\/en\/wp-json\/wp\/v2\/media\/292"}],"wp:attachment":[{"href":"https:\/\/ptrustacademy.com\/en\/wp-json\/wp\/v2\/media?parent=340"}],"curies":[{"name":"wp","href":"https:\/\/api.w.org\/{rel}","templated":true}]}}