{"id":341,"date":"2024-01-01T17:40:21","date_gmt":"2024-01-01T14:40:21","guid":{"rendered":"https:\/\/ptrustacademy.com\/fizyoterapi-hizmetlerimiz\/duzeltici-egzersizler\/"},"modified":"2024-01-01T17:40:21","modified_gmt":"2024-01-01T14:40:21","slug":"duzeltici-egzersizler","status":"publish","type":"page","link":"https:\/\/ptrustacademy.com\/en\/our-physiotherapy-services\/duzeltici-egzersizler\/","title":{"rendered":"D\u00fczeltici Egzersizler"},"content":{"rendered":"<p>D\u00fczeltici egzersizler, kas dengesizliklerini, k\u00f6t\u00fc post\u00fcr\u00fc ve hareket bozukluklar\u0131n\u0131 gidermek i\u00e7in tasarlanm\u0131\u015f \u00f6zel hareketler veya egzersizlerdir. Bu egzersizler eklem stabilitesini, esnekli\u011fini ve kas kuvvetini geli\u015ftirerek yaralanma riskini azaltmay\u0131 ama\u00e7lamaktad\u0131r. D\u00fczeltici egzersizler genellikle fizyoterapi uygulamalar\u0131nda ve koruyucu sa\u011fl\u0131k hizmetlerinde kullan\u0131l\u0131r. D\u00fczeltici egzersizlerin temel y\u00f6nleri \u015funlard\u0131r:<\/p>\n<p>V\u00fccuttaki Dengesizliklerin Tespiti: D\u00fczeltici egzersizler, bireyin hareket kal\u0131plar\u0131ndaki belirli dengesizlikleri veya i\u015flev bozukluklar\u0131n\u0131 gidermek i\u00e7in uyarlanm\u0131\u015ft\u0131r. Fizyoterapistler, taraf\u0131ndan ger\u00e7ekle\u015ftirilen kapsaml\u0131 bir de\u011ferlendirme, kuvvetsiz b\u00f6lgelerin, kas dengesizliklerinin ve yanl\u0131\u015f hareket kal\u0131plar\u0131n\u0131n belirlenmesine yard\u0131mc\u0131 olur.<\/p>\n<p>Fonksiyonel Harekete Odaklanma: D\u00fczeltici egzersizler, bireyin g\u00fcnl\u00fck aktiviteleri veya spor performans\u0131yla ilgili fonksiyonel hareket kal\u0131plar\u0131n\u0131 geli\u015ftirmek i\u00e7in tasarlanm\u0131\u015ft\u0131r.<\/p>\n<p>Kas Aktivasyonu: Bu egzersizler genellikle az aktif veya kuvveti azalm\u0131\u015f belirli kaslar\u0131 veya kas gruplar\u0131n\u0131 hedef al\u0131r. D\u00fczeltici egzersizler, hareket s\u0131ras\u0131nda do\u011fru \u015fekilde ate\u015flenmeyen kaslar\u0131 &#8220;uyand\u0131rmaya&#8221; veya harekete ge\u00e7irmeye yard\u0131mc\u0131 olur.<\/p>\n<p>Zay\u0131f Kaslar\u0131n Kuvvetlendirilmesi: D\u00fczeltici egzersizler, belirli kaslar veya kas gruplar\u0131ndaki zay\u0131fl\u0131\u011f\u0131 gidermek i\u00e7in kuvvetlendirme programlar\u0131n\u0131 i\u00e7erir. Zay\u0131f kaslar\u0131n kuvvetlendirilmesi, eklemlerde denge ve stabilitenin yeniden sa\u011flanmas\u0131na yard\u0131mc\u0131 olur ve genel hareket kalitesini art\u0131r\u0131r.<\/p>\n<p>Esneklik ve Germe Egzersizleri: D\u00fczeltici egzersizler, gerginli\u011fi gidermek ve belirli eklemlerdeki hareket aral\u0131\u011f\u0131n\u0131 iyile\u015ftirmek i\u00e7in germe ve esneme egzersizlerini i\u00e7erir. Geli\u015ftirilmi\u015f esneklik, daha iyi hareket mekani\u011fine katk\u0131da bulunur ve yaralanma riskini azalt\u0131r.<\/p>\n<p>Propriyosepsiyon ve Denge E\u011fitimi: Propriyosepsiyon (v\u00fccut pozisyonunun fark\u0131ndal\u0131\u011f\u0131) ve denge egzersizleri genellikle v\u00fccut stabilizasyonunu geli\u015ftirmek i\u00e7in kullan\u0131l\u0131r. Bu egzersizler tek ayak \u00fczerinde durma, denge tahtalar\u0131n\u0131 kullanma veya farkl\u0131 y\u00fczeylerde hareketler yapmay\u0131 i\u00e7erir.<\/p>\n<p>Post\u00fcr D\u00fczeltme: D\u00fczeltici egzersizler, zay\u0131f kaslar\u0131 g\u00fc\u00e7lendirerek ve gergin kaslar\u0131 esneterek k\u00f6t\u00fc duru\u015fu gidermeyi ama\u00e7lar. Do\u011fru \u00a0omurga \u015feklinin elde edilmesi ve s\u00fcrd\u00fcr\u00fclmesi hedeflenir.<\/p>\n<p>D\u00fczeltici egzersizler bireyin hareket kalitesini art\u0131rmak, yaralanmalar\u0131 \u00f6nlemek ve genel fiziksel i\u015flevi geli\u015ftirmek i\u00e7in \u00f6nemli uygulamalard\u0131r. Kas-iskelet sistemi rahats\u0131zl\u0131klar\u0131n\u0131 \u00f6nlemek isteyen ki\u015filer, fizyoterapistler gibi nitelikli profesyonellerin rehberli\u011fi alt\u0131nda d\u00fczeltici egzersizleri \u00a0rutinlerine dahil edebilirler.<\/p>\n","protected":false},"excerpt":{"rendered":"<p>D\u00fczeltici egzersizler, kas dengesizliklerini, k\u00f6t\u00fc post\u00fcr\u00fc ve hareket bozukluklar\u0131n\u0131 gidermek i\u00e7in tasarlanm\u0131\u015f \u00f6zel hareketler veya egzersizlerdir. Bu egzersizler eklem stabilitesini, esnekli\u011fini ve kas kuvvetini geli\u015ftirerek yaralanma riskini azaltmay\u0131 ama\u00e7lamaktad\u0131r. D\u00fczeltici egzersizler genellikle fizyoterapi uygulamalar\u0131nda ve koruyucu sa\u011fl\u0131k hizmetlerinde kullan\u0131l\u0131r. D\u00fczeltici egzersizlerin temel y\u00f6nleri \u015funlard\u0131r: V\u00fccuttaki Dengesizliklerin Tespiti: D\u00fczeltici egzersizler, bireyin hareket kal\u0131plar\u0131ndaki belirli dengesizlikleri veya [&hellip;]<\/p>\n","protected":false},"author":1,"featured_media":279,"parent":336,"menu_order":0,"comment_status":"closed","ping_status":"closed","template":"","meta":{"footnotes":"","_links_to":"","_links_to_target":""},"class_list":["post-341","page","type-page","status-publish","has-post-thumbnail","hentry"],"aioseo_notices":[],"_links":{"self":[{"href":"https:\/\/ptrustacademy.com\/en\/wp-json\/wp\/v2\/pages\/341","targetHints":{"allow":["GET"]}}],"collection":[{"href":"https:\/\/ptrustacademy.com\/en\/wp-json\/wp\/v2\/pages"}],"about":[{"href":"https:\/\/ptrustacademy.com\/en\/wp-json\/wp\/v2\/types\/page"}],"author":[{"embeddable":true,"href":"https:\/\/ptrustacademy.com\/en\/wp-json\/wp\/v2\/users\/1"}],"replies":[{"embeddable":true,"href":"https:\/\/ptrustacademy.com\/en\/wp-json\/wp\/v2\/comments?post=341"}],"version-history":[{"count":0,"href":"https:\/\/ptrustacademy.com\/en\/wp-json\/wp\/v2\/pages\/341\/revisions"}],"up":[{"embeddable":true,"href":"https:\/\/ptrustacademy.com\/en\/wp-json\/wp\/v2\/pages\/336"}],"wp:featuredmedia":[{"embeddable":true,"href":"https:\/\/ptrustacademy.com\/en\/wp-json\/wp\/v2\/media\/279"}],"wp:attachment":[{"href":"https:\/\/ptrustacademy.com\/en\/wp-json\/wp\/v2\/media?parent=341"}],"curies":[{"name":"wp","href":"https:\/\/api.w.org\/{rel}","templated":true}]}}