{"id":342,"date":"2024-01-01T17:37:38","date_gmt":"2024-01-01T14:37:38","guid":{"rendered":"https:\/\/ptrustacademy.com\/fizyoterapi-hizmetlerimiz\/egzersiz-sonrasi-yenilenme-ve-toparlanma\/"},"modified":"2024-01-01T17:37:38","modified_gmt":"2024-01-01T14:37:38","slug":"egzersiz-sonrasi-yenilenme-ve-toparlanma","status":"publish","type":"page","link":"https:\/\/ptrustacademy.com\/en\/our-physiotherapy-services\/egzersiz-sonrasi-yenilenme-ve-toparlanma\/","title":{"rendered":"Egzersiz Sonras\u0131 Yenilenme ve Toparlanma"},"content":{"rendered":"<p><a href=\"https:\/\/demo.ptrustacademy.com\/wp-content\/uploads\/2024\/01\/image00004-scaled.jpeg\"><img loading=\"lazy\" decoding=\"async\" class=\"alignleft size-medium wp-image-176\" src=\"https:\/\/demo.ptrustacademy.com\/wp-content\/uploads\/2024\/01\/image00004-225x300.jpeg\" alt=\"\" width=\"225\" height=\"300\" srcset=\"https:\/\/ptrustacademy.com\/wp-content\/uploads\/2024\/01\/image00004-225x300.jpeg 225w, https:\/\/ptrustacademy.com\/wp-content\/uploads\/2024\/01\/image00004-768x1024.jpeg 768w, https:\/\/ptrustacademy.com\/wp-content\/uploads\/2024\/01\/image00004-1152x1536.jpeg 1152w, https:\/\/ptrustacademy.com\/wp-content\/uploads\/2024\/01\/image00004-1536x2048.jpeg 1536w, https:\/\/ptrustacademy.com\/wp-content\/uploads\/2024\/01\/image00004-scaled.jpeg 1920w\" sizes=\"auto, (max-width: 225px) 100vw, 225px\" \/><\/a>Yenilenme ve toparlanma; \u00f6zellikle fiziksel aktivite, egzersiz ve spor ba\u011flam\u0131nda genel sa\u011fl\u0131k ve refah\u0131n \u00e7ok \u00f6nemli bir y\u00f6n\u00fcd\u00fcr. V\u00fccudun egzersiz veya di\u011fer zorlu aktiviteler s\u0131ras\u0131nda maruz kald\u0131\u011f\u0131 stresleri onarmas\u0131na ve bunlara uyum sa\u011flamas\u0131na olanak tan\u0131r. Performans\u0131 artt\u0131rmak, yaralanmalar\u0131 \u00f6nlemek ve uzun vadeli sa\u011fl\u0131\u011f\u0131 sa\u011flamak i\u00e7in uygun yenilenme\/toparlanma s\u00fcreci \u015fartt\u0131r.<\/p>\n<p>Hafif Egzersizler: Y\u00fcr\u00fcme, y\u00fczme veya bisiklete binme gibi d\u00fc\u015f\u00fck yo\u011funluklu aktivitelere kat\u0131lmak kan ak\u0131\u015f\u0131n\u0131 art\u0131rabilir. Bu durum metabolik yan \u00fcr\u00fcnlerin at\u0131lmas\u0131na yard\u0131mc\u0131 olur ve v\u00fccuda a\u015f\u0131r\u0131 stres y\u00fcklemeden iyile\u015fme s\u00fcreci desteklenir.<\/p>\n<p>Dinamik ve Statik Germeler: Germe egzersizleri esnekli\u011fi art\u0131rmaya, kas sertli\u011fini azaltmaya ve eklem hareketlili\u011fini art\u0131rmaya yard\u0131mc\u0131 olur. Dinamik germeler genellikle antrenmandan \u00f6nce uyguland\u0131\u011f\u0131nda daha faydal\u0131 iken, statik germeler ise genellikle egzersiz sonras\u0131nda kullan\u0131l\u0131r.<\/p>\n<p>Foam Roller ve Self Miyofasyal Gev\u015fetme: Foam Roller veya di\u011fer self masaj aletlerinin kullan\u0131lmas\u0131 kas gerginli\u011fini azaltmaya ve kaslarda olu\u015fan tetik noktalar\u0131 gev\u015fetmeye neden olur. Self \u00a0miyofasyal gev\u015fetme \u00a0olarak bilinen bu uygulama kas esnekli\u011fi artt\u0131rmakta ve kas a\u011fr\u0131s\u0131n\u0131 azaltmaktad\u0131r.<\/p>\n<p>So\u011fuk Terapisi (Kriyoterapi): Buz veya so\u011fuk uygulama inflamasyonun ve a\u011fr\u0131n\u0131n azalt\u0131lmas\u0131na yard\u0131mc\u0131 olur. So\u011fuk terapisi, \u00f6zellikle akut yaralanmalar\u0131 veya a\u011fr\u0131l\u0131 kaslar\u0131 tedavi etmek i\u00e7in yayg\u0131n olarak kullan\u0131l\u0131r.<a href=\"https:\/\/demo.ptrustacademy.com\/wp-content\/uploads\/2024\/01\/image00005-scaled.jpeg\"><img loading=\"lazy\" decoding=\"async\" class=\"size-medium wp-image-177 alignright\" src=\"https:\/\/demo.ptrustacademy.com\/wp-content\/uploads\/2024\/01\/image00005-300x225.jpeg\" alt=\"\" width=\"300\" height=\"225\" srcset=\"https:\/\/ptrustacademy.com\/wp-content\/uploads\/2024\/01\/image00005-300x225.jpeg 300w, https:\/\/ptrustacademy.com\/wp-content\/uploads\/2024\/01\/image00005-1024x768.jpeg 1024w, https:\/\/ptrustacademy.com\/wp-content\/uploads\/2024\/01\/image00005-768x576.jpeg 768w, https:\/\/ptrustacademy.com\/wp-content\/uploads\/2024\/01\/image00005-1536x1152.jpeg 1536w, https:\/\/ptrustacademy.com\/wp-content\/uploads\/2024\/01\/image00005-2048x1536.jpeg 2048w\" sizes=\"auto, (max-width: 300px) 100vw, 300px\" \/><\/a><\/p>\n<p>S\u0131cak Terapisi: S\u0131cak uygulama veya s\u0131cak banyolar kan ak\u0131\u015f\u0131n\u0131 artt\u0131r\u0131r, kaslar\u0131 gev\u015fetir ve \u00a0kas sertli\u011fini azalt\u0131r. S\u0131cak uygulama genellikle kronik durumlar i\u00e7in veya genel rahatlamay\u0131 te\u015fvik etmek i\u00e7in kullan\u0131l\u0131r.<\/p>\n<p>Gev\u015feme ve Meditasyon: Meditasyon, nefes teknikleri ve gev\u015feme egzersizleri gibi uygulamalar stresi y\u00f6netmeye, rahatlamay\u0131 te\u015fvik etmeye ve genel zihinsel refah\u0131 desteklemeye yard\u0131mc\u0131 olur.<\/p>\n","protected":false},"excerpt":{"rendered":"<p>Yenilenme ve toparlanma; \u00f6zellikle fiziksel aktivite, egzersiz ve spor ba\u011flam\u0131nda genel sa\u011fl\u0131k ve refah\u0131n \u00e7ok \u00f6nemli bir y\u00f6n\u00fcd\u00fcr. V\u00fccudun egzersiz veya di\u011fer zorlu aktiviteler s\u0131ras\u0131nda maruz kald\u0131\u011f\u0131 stresleri onarmas\u0131na ve bunlara uyum sa\u011flamas\u0131na olanak tan\u0131r. Performans\u0131 artt\u0131rmak, yaralanmalar\u0131 \u00f6nlemek ve uzun vadeli sa\u011fl\u0131\u011f\u0131 sa\u011flamak i\u00e7in uygun yenilenme\/toparlanma s\u00fcreci \u015fartt\u0131r. Hafif Egzersizler: Y\u00fcr\u00fcme, y\u00fczme veya bisiklete [&hellip;]<\/p>\n","protected":false},"author":1,"featured_media":285,"parent":336,"menu_order":0,"comment_status":"closed","ping_status":"closed","template":"","meta":{"footnotes":"","_links_to":"","_links_to_target":""},"class_list":["post-342","page","type-page","status-publish","has-post-thumbnail","hentry"],"aioseo_notices":[],"_links":{"self":[{"href":"https:\/\/ptrustacademy.com\/en\/wp-json\/wp\/v2\/pages\/342","targetHints":{"allow":["GET"]}}],"collection":[{"href":"https:\/\/ptrustacademy.com\/en\/wp-json\/wp\/v2\/pages"}],"about":[{"href":"https:\/\/ptrustacademy.com\/en\/wp-json\/wp\/v2\/types\/page"}],"author":[{"embeddable":true,"href":"https:\/\/ptrustacademy.com\/en\/wp-json\/wp\/v2\/users\/1"}],"replies":[{"embeddable":true,"href":"https:\/\/ptrustacademy.com\/en\/wp-json\/wp\/v2\/comments?post=342"}],"version-history":[{"count":0,"href":"https:\/\/ptrustacademy.com\/en\/wp-json\/wp\/v2\/pages\/342\/revisions"}],"up":[{"embeddable":true,"href":"https:\/\/ptrustacademy.com\/en\/wp-json\/wp\/v2\/pages\/336"}],"wp:featuredmedia":[{"embeddable":true,"href":"https:\/\/ptrustacademy.com\/en\/wp-json\/wp\/v2\/media\/285"}],"wp:attachment":[{"href":"https:\/\/ptrustacademy.com\/en\/wp-json\/wp\/v2\/media?parent=342"}],"curies":[{"name":"wp","href":"https:\/\/api.w.org\/{rel}","templated":true}]}}