{"id":344,"date":"2024-01-01T17:37:10","date_gmt":"2024-01-01T14:37:10","guid":{"rendered":"https:\/\/ptrustacademy.com\/fizyoterapi-hizmetlerimiz\/fonksiyonel-egzersiz\/"},"modified":"2024-01-01T17:37:10","modified_gmt":"2024-01-01T14:37:10","slug":"fonksiyonel-egzersiz","status":"publish","type":"page","link":"https:\/\/ptrustacademy.com\/en\/our-physiotherapy-services\/fonksiyonel-egzersiz\/","title":{"rendered":"Fonksiyonel Egzersiz"},"content":{"rendered":"<p><a href=\"https:\/\/demo.ptrustacademy.com\/wp-content\/uploads\/2024\/01\/image00015-scaled.jpeg\"><img loading=\"lazy\" decoding=\"async\" class=\"alignleft size-medium wp-image-192\" src=\"https:\/\/demo.ptrustacademy.com\/wp-content\/uploads\/2024\/01\/image00015-300x225.jpeg\" alt=\"\" width=\"300\" height=\"225\" srcset=\"https:\/\/ptrustacademy.com\/wp-content\/uploads\/2024\/01\/image00015-300x225.jpeg 300w, https:\/\/ptrustacademy.com\/wp-content\/uploads\/2024\/01\/image00015-1024x768.jpeg 1024w, https:\/\/ptrustacademy.com\/wp-content\/uploads\/2024\/01\/image00015-768x576.jpeg 768w, https:\/\/ptrustacademy.com\/wp-content\/uploads\/2024\/01\/image00015-1536x1152.jpeg 1536w, https:\/\/ptrustacademy.com\/wp-content\/uploads\/2024\/01\/image00015-2048x1536.jpeg 2048w\" sizes=\"auto, (max-width: 300px) 100vw, 300px\" \/><\/a>Fonksiyonel egzersizler, g\u00fcnl\u00fck hayattaki eylemleri i\u00e7eren ve ayn\u0131 anda birden fazla kas grubunu \u00e7al\u0131\u015ft\u0131ran hareketler veya aktivitelerdir. Fonksiyonel egzersizlerin temel amac\u0131, bireyin g\u00fcnl\u00fck aktiviteleri ger\u00e7ekle\u015ftirme yetene\u011fini geli\u015ftirmek, kas kuvvetini, stabiliteyi, \u00a0hareketlili\u011fi artt\u0131rmak ve yaralanma riskini azaltmakt\u0131r. Bu egzersizler genellikle farkl\u0131 d\u00fczlemlerdeki hareketleri i\u00e7erir ve ayn\u0131 anda denge, koordinasyon ve kor (\u00e7ekirdek) b\u00f6lgesi aktivasyonu gerektirir. Yayg\u0131n kullan\u0131lan baz\u0131 fonksiyonel egzersiz \u00e7e\u015fitleri \u015f\u00f6yledir;<\/p>\n<p>\u00c7ok Eklemli Egzersizler: Fonksiyonel egzersizler genellikle birden fazla eklemin ve kas grubunun birlikte \u00e7al\u0131\u015fmas\u0131n\u0131 i\u00e7erir. \u00c7ok eklemli egzersizlere squat, lunge, deadlift ve \u015f\u0131nav egzersizleri \u00f6rnek verilebilir. Bu egzersizler belirli kaslar\u0131 izole etmek yerine t\u00fcm v\u00fccudu \u00e7al\u0131\u015ft\u0131r\u0131r.<\/p>\n<p>Denge ve Stabilite: Fonksiyonel egzersizler genellikle g\u00fcnl\u00fck aktivitelerin taleplerini yans\u0131tan denge ve stabilite unsurlar\u0131n\u0131 i\u00e7erir. Tek bacak \u00fczerinde durma veya d\u00fcz olmayan y\u00fczeylerde yap\u0131lan egzersizler v\u00fccudun dengeyi koruma becerisini geli\u015ftirir.<\/p>\n<p>Kor B\u00f6lgesi Aktivasyonu: Bir\u00e7ok fonksiyonel egzersiz, kor b\u00f6lgesinin aktivasyonuna ve stabiliteye \u00f6ncelik verir. Do\u011fru duru\u015fu, dengeyi ve genel fonksiyonel hareketi s\u00fcrd\u00fcrmek i\u00e7in g\u00fc\u00e7l\u00fc bir kor b\u00f6lgesi gereklidir.<a href=\"https:\/\/demo.ptrustacademy.com\/wp-content\/uploads\/2024\/01\/image00013-scaled.jpeg\"><img loading=\"lazy\" decoding=\"async\" class=\"size-medium wp-image-193 alignright\" src=\"https:\/\/demo.ptrustacademy.com\/wp-content\/uploads\/2024\/01\/image00013-225x300.jpeg\" alt=\"\" width=\"225\" height=\"300\" srcset=\"https:\/\/ptrustacademy.com\/wp-content\/uploads\/2024\/01\/image00013-225x300.jpeg 225w, https:\/\/ptrustacademy.com\/wp-content\/uploads\/2024\/01\/image00013-768x1024.jpeg 768w, https:\/\/ptrustacademy.com\/wp-content\/uploads\/2024\/01\/image00013-1152x1536.jpeg 1152w, https:\/\/ptrustacademy.com\/wp-content\/uploads\/2024\/01\/image00013-1536x2048.jpeg 1536w, https:\/\/ptrustacademy.com\/wp-content\/uploads\/2024\/01\/image00013-scaled.jpeg 1920w\" sizes=\"auto, (max-width: 225px) 100vw, 225px\" \/><\/a><\/p>\n<p>Spora \u00d6zel Antrenman: Fonksiyonel egzersizler belirli spor veya aktivitelere g\u00f6re uyarlanabilir ve bireylerin se\u00e7tikleri aktivitelerle ilgili hareketleri hedefleyerek performanslar\u0131n\u0131 geli\u015ftirmelerine yard\u0131mc\u0131 olur.<\/p>\n<p>G\u00fcnl\u00fck Ya\u015fam Aktiviteleri: Fonksiyonel egzersizler, bireyin g\u00fcnl\u00fck g\u00f6revleri kolayl\u0131kla yerine getirme yetene\u011fini geli\u015ftirmeyi ama\u00e7lar. Bu egzersizler nesneleri\u00a0 kald\u0131rma, itme, \u00e7ekme ve ta\u015f\u0131ma gibi faaliyetleri i\u00e7erir.<\/p>\n<p>Fonksiyonel egzersizler genellikle rehabilitasyon programlar\u0131na, atletik antrenmanlara ve genel fitness rutinlerine dahil edilir. Genel fonksiyonel kapasiteyi ve hareket kalitesini geli\u015ftirerek egzersizlere b\u00fct\u00fcnsel bir yakla\u015f\u0131m sunarlar. Faydalar\u0131n\u0131 en \u00fcst d\u00fczeye \u00e7\u0131karmak ve yaralanma riskini azaltmak i\u00e7in fonksiyonel egzersizler s\u0131ras\u0131nda bireylerin uygun form ve teknikte egzersizleri uygulamas\u0131 \u00e7ok \u00f6nemlidir. Bir fizyoterapiste dan\u0131\u015fmak, fonksiyonel bir egzersiz program\u0131n\u0131n bireyin \u00f6zel ihtiya\u00e7lar\u0131na ve hedeflerine g\u00f6re uyarlanmas\u0131na yard\u0131mc\u0131 olur.<\/p>\n<p>&nbsp;<\/p>\n<p><a href=\"https:\/\/demo.ptrustacademy.com\/wp-content\/uploads\/2024\/01\/image00014-scaled.jpeg\"><img loading=\"lazy\" decoding=\"async\" class=\"size-medium wp-image-194 aligncenter\" src=\"https:\/\/demo.ptrustacademy.com\/wp-content\/uploads\/2024\/01\/image00014-225x300.jpeg\" alt=\"\" width=\"225\" height=\"300\" srcset=\"https:\/\/ptrustacademy.com\/wp-content\/uploads\/2024\/01\/image00014-225x300.jpeg 225w, https:\/\/ptrustacademy.com\/wp-content\/uploads\/2024\/01\/image00014-768x1024.jpeg 768w, https:\/\/ptrustacademy.com\/wp-content\/uploads\/2024\/01\/image00014-1152x1536.jpeg 1152w, https:\/\/ptrustacademy.com\/wp-content\/uploads\/2024\/01\/image00014-1536x2048.jpeg 1536w, https:\/\/ptrustacademy.com\/wp-content\/uploads\/2024\/01\/image00014-scaled.jpeg 1920w\" sizes=\"auto, (max-width: 225px) 100vw, 225px\" \/><\/a><\/p>\n<p><a href=\"https:\/\/demo.ptrustacademy.com\/wp-content\/uploads\/2024\/01\/image00020-scaled.jpeg\"><img loading=\"lazy\" decoding=\"async\" class=\"size-medium wp-image-201 aligncenter\" src=\"https:\/\/demo.ptrustacademy.com\/wp-content\/uploads\/2024\/01\/image00020-225x300.jpeg\" alt=\"\" width=\"225\" height=\"300\" srcset=\"https:\/\/ptrustacademy.com\/wp-content\/uploads\/2024\/01\/image00020-225x300.jpeg 225w, https:\/\/ptrustacademy.com\/wp-content\/uploads\/2024\/01\/image00020-768x1024.jpeg 768w, https:\/\/ptrustacademy.com\/wp-content\/uploads\/2024\/01\/image00020-1152x1536.jpeg 1152w, https:\/\/ptrustacademy.com\/wp-content\/uploads\/2024\/01\/image00020-1536x2048.jpeg 1536w, https:\/\/ptrustacademy.com\/wp-content\/uploads\/2024\/01\/image00020-scaled.jpeg 1920w\" sizes=\"auto, (max-width: 225px) 100vw, 225px\" \/><\/a><\/p>\n","protected":false},"excerpt":{"rendered":"<p>Fonksiyonel egzersizler, g\u00fcnl\u00fck hayattaki eylemleri i\u00e7eren ve ayn\u0131 anda birden fazla kas grubunu \u00e7al\u0131\u015ft\u0131ran hareketler veya aktivitelerdir. Fonksiyonel egzersizlerin temel amac\u0131, bireyin g\u00fcnl\u00fck aktiviteleri ger\u00e7ekle\u015ftirme yetene\u011fini geli\u015ftirmek, kas kuvvetini, stabiliteyi, \u00a0hareketlili\u011fi artt\u0131rmak ve yaralanma riskini azaltmakt\u0131r. Bu egzersizler genellikle farkl\u0131 d\u00fczlemlerdeki hareketleri i\u00e7erir ve ayn\u0131 anda denge, koordinasyon ve kor (\u00e7ekirdek) b\u00f6lgesi aktivasyonu gerektirir. Yayg\u0131n [&hellip;]<\/p>\n","protected":false},"author":1,"featured_media":289,"parent":336,"menu_order":0,"comment_status":"closed","ping_status":"closed","template":"","meta":{"footnotes":"","_links_to":"","_links_to_target":""},"class_list":["post-344","page","type-page","status-publish","has-post-thumbnail","hentry"],"aioseo_notices":[],"_links":{"self":[{"href":"https:\/\/ptrustacademy.com\/en\/wp-json\/wp\/v2\/pages\/344","targetHints":{"allow":["GET"]}}],"collection":[{"href":"https:\/\/ptrustacademy.com\/en\/wp-json\/wp\/v2\/pages"}],"about":[{"href":"https:\/\/ptrustacademy.com\/en\/wp-json\/wp\/v2\/types\/page"}],"author":[{"embeddable":true,"href":"https:\/\/ptrustacademy.com\/en\/wp-json\/wp\/v2\/users\/1"}],"replies":[{"embeddable":true,"href":"https:\/\/ptrustacademy.com\/en\/wp-json\/wp\/v2\/comments?post=344"}],"version-history":[{"count":0,"href":"https:\/\/ptrustacademy.com\/en\/wp-json\/wp\/v2\/pages\/344\/revisions"}],"up":[{"embeddable":true,"href":"https:\/\/ptrustacademy.com\/en\/wp-json\/wp\/v2\/pages\/336"}],"wp:featuredmedia":[{"embeddable":true,"href":"https:\/\/ptrustacademy.com\/en\/wp-json\/wp\/v2\/media\/289"}],"wp:attachment":[{"href":"https:\/\/ptrustacademy.com\/en\/wp-json\/wp\/v2\/media?parent=344"}],"curies":[{"name":"wp","href":"https:\/\/api.w.org\/{rel}","templated":true}]}}