{"id":345,"date":"2024-01-01T17:36:33","date_gmt":"2024-01-01T14:36:33","guid":{"rendered":"https:\/\/ptrustacademy.com\/fizyoterapi-hizmetlerimiz\/manuel-terapi\/"},"modified":"2024-01-01T17:36:33","modified_gmt":"2024-01-01T14:36:33","slug":"manuel-terapi","status":"publish","type":"page","link":"https:\/\/ptrustacademy.com\/en\/our-physiotherapy-services\/manuel-terapi\/","title":{"rendered":"Manuel Terapi"},"content":{"rendered":"<p><a href=\"https:\/\/demo.ptrustacademy.com\/wp-content\/uploads\/2024\/01\/image00002-scaled.jpeg\"><img loading=\"lazy\" decoding=\"async\" class=\"alignleft size-medium wp-image-173\" src=\"https:\/\/demo.ptrustacademy.com\/wp-content\/uploads\/2024\/01\/image00002-300x225.jpeg\" alt=\"\" width=\"300\" height=\"225\" srcset=\"https:\/\/ptrustacademy.com\/wp-content\/uploads\/2024\/01\/image00002-300x225.jpeg 300w, https:\/\/ptrustacademy.com\/wp-content\/uploads\/2024\/01\/image00002-1024x768.jpeg 1024w, https:\/\/ptrustacademy.com\/wp-content\/uploads\/2024\/01\/image00002-768x576.jpeg 768w, https:\/\/ptrustacademy.com\/wp-content\/uploads\/2024\/01\/image00002-1536x1152.jpeg 1536w, https:\/\/ptrustacademy.com\/wp-content\/uploads\/2024\/01\/image00002-2048x1536.jpeg 2048w\" sizes=\"auto, (max-width: 300px) 100vw, 300px\" \/><\/a>Manuel terapi, fizyoterapistler taraf\u0131ndan kas-iskelet sistemi rahats\u0131zl\u0131klar\u0131n\u0131 ve a\u011fr\u0131y\u0131 gidermek i\u00e7in kullan\u0131lan uygulamal\u0131 teknikleri ifade eden geni\u015f bir terimdir. Eklem hareket a\u00e7\u0131kl\u0131\u011f\u0131n\u0131 iyile\u015ftirmek, a\u011fr\u0131y\u0131 azaltmak ve genel sa\u011fl\u0131\u011f\u0131 geli\u015ftirmek i\u00e7in eklemlerin ve yumu\u015fak dokular\u0131n mobilizasyonunu ve manip\u00fclasyonunu i\u00e7erir. Manuel terapi teknikleri, fizyoterapistler taraf\u0131ndan yayg\u0131n olarak kullan\u0131lmaktad\u0131r. Manuel terapi s\u0131rt a\u011fr\u0131s\u0131, boyun a\u011fr\u0131s\u0131, eklem a\u011fr\u0131s\u0131, kas gerginlikleri ve spor yaralanmalar\u0131 gibi \u00e7e\u015fitli durumlar\u0131 ele almak i\u00e7in kullan\u0131labilir. Genellikle egzersiz, e\u011fitim ve di\u011fer terap\u00f6tik y\u00f6ntemleri de i\u00e7erebilen kapsaml\u0131 bir tedavi plan\u0131n\u0131n bir par\u00e7as\u0131d\u0131r.<\/p>\n<p>G\u00fcvenli\u011fi ve etkinli\u011fi sa\u011flamak i\u00e7in manuel terapinin alan\u0131nda uzman fizyoterapistler taraf\u0131ndan uygulanmas\u0131 gerekti\u011fini unutmamak \u00f6nemlidir.<\/p>\n<p>Yayg\u0131n manuel terapi t\u00fcrleri:<\/p>\n<p>Eklem Mobilizasyonu: Bu, bir eklemin do\u011fal hareket aral\u0131\u011f\u0131 boyunca hafif pasif hareketini i\u00e7erir. Genellikle eklem hareket a\u00e7\u0131kl\u0131\u011f\u0131n\u0131 artt\u0131rmak ve a\u011fr\u0131y\u0131 azaltmak i\u00e7in kullan\u0131l\u0131r.<\/p>\n<p>Eklem Manip\u00fclasyonu: Genellikle kayropraktik uygulamalarla ili\u015fkilendirilen bu teknik, eklemin h\u0131zl\u0131 ve kontroll\u00fc bir \u015fekilde manip\u00fcle edilmesini i\u00e7erir. Normal eklem fonksiyonunu yeniden<a href=\"https:\/\/demo.ptrustacademy.com\/wp-content\/uploads\/2024\/01\/image00003-scaled.jpeg\"><img loading=\"lazy\" decoding=\"async\" class=\"size-medium wp-image-174 alignright\" src=\"https:\/\/demo.ptrustacademy.com\/wp-content\/uploads\/2024\/01\/image00003-225x300.jpeg\" alt=\"\" width=\"225\" height=\"300\" srcset=\"https:\/\/ptrustacademy.com\/wp-content\/uploads\/2024\/01\/image00003-225x300.jpeg 225w, https:\/\/ptrustacademy.com\/wp-content\/uploads\/2024\/01\/image00003-768x1024.jpeg 768w, https:\/\/ptrustacademy.com\/wp-content\/uploads\/2024\/01\/image00003-1152x1536.jpeg 1152w, https:\/\/ptrustacademy.com\/wp-content\/uploads\/2024\/01\/image00003-1536x2048.jpeg 1536w, https:\/\/ptrustacademy.com\/wp-content\/uploads\/2024\/01\/image00003-scaled.jpeg 1920w\" sizes=\"auto, (max-width: 225px) 100vw, 225px\" \/><\/a> sa\u011flamay\u0131, a\u011fr\u0131y\u0131 azaltmay\u0131 ve hareketlili\u011fi geli\u015ftirmeyi ama\u00e7lar.<\/p>\n<p>Yumu\u015fak Doku Mobilizasyonu: Bu uygulama, kaslar\u0131, tendonlar\u0131, ba\u011flar\u0131 ve fasyay\u0131 hedef alan \u00e7e\u015fitli teknikleri i\u00e7erir. Masaj, miyofasyal gev\u015fetme ve tetik nokta terapisi yumu\u015fak doku mobilizasyonunun \u00f6rnekleridir.<\/p>\n<p>Kas Enerjisi Teknikleri (MET): Eklem fonksiyonunu ve hareket aral\u0131\u011f\u0131n\u0131 iyile\u015ftirmek i\u00e7in aktif ve pasif kas kas\u0131lmalar\u0131n\u0131 i\u00e7erir. S\u0131kl\u0131kla eklem mobilizasyonu ile birlikte kullan\u0131l\u0131r.<\/p>\n<p>Strain-Counterstrain: Bu teknik, hassas noktalar\u0131 bulmay\u0131 ve ard\u0131ndan v\u00fccudu bu b\u00f6lgelerdeki a\u011fr\u0131y\u0131 ve gerginli\u011fi azaltacak \u015fekilde konumland\u0131rmay\u0131 i\u00e7erir.<\/p>\n<p>Miyofasyal Gev\u015fetme: Bu teknik, kaslar\u0131, kemikleri ve organlar\u0131 \u00e7evreleyen ba\u011f dokusu olan fasyadaki gerginli\u011fi ve k\u0131s\u0131tlamalar\u0131 serbest b\u0131rakmaya odaklan\u0131r.<\/p>\n<p>&nbsp;<\/p>\n<p>&nbsp;<\/p>\n<p><a href=\"https:\/\/demo.ptrustacademy.com\/wp-content\/uploads\/2024\/01\/image00008-scaled.jpeg\"><img loading=\"lazy\" decoding=\"async\" class=\"size-medium wp-image-183 aligncenter\" src=\"https:\/\/demo.ptrustacademy.com\/wp-content\/uploads\/2024\/01\/image00008-300x225.jpeg\" alt=\"\" width=\"300\" height=\"225\" srcset=\"https:\/\/ptrustacademy.com\/wp-content\/uploads\/2024\/01\/image00008-300x225.jpeg 300w, https:\/\/ptrustacademy.com\/wp-content\/uploads\/2024\/01\/image00008-1024x768.jpeg 1024w, https:\/\/ptrustacademy.com\/wp-content\/uploads\/2024\/01\/image00008-768x576.jpeg 768w, https:\/\/ptrustacademy.com\/wp-content\/uploads\/2024\/01\/image00008-1536x1152.jpeg 1536w, https:\/\/ptrustacademy.com\/wp-content\/uploads\/2024\/01\/image00008-2048x1536.jpeg 2048w\" sizes=\"auto, (max-width: 300px) 100vw, 300px\" \/><\/a><\/p>\n","protected":false},"excerpt":{"rendered":"<p>Manuel terapi, fizyoterapistler taraf\u0131ndan kas-iskelet sistemi rahats\u0131zl\u0131klar\u0131n\u0131 ve a\u011fr\u0131y\u0131 gidermek i\u00e7in kullan\u0131lan uygulamal\u0131 teknikleri ifade eden geni\u015f bir terimdir. Eklem hareket a\u00e7\u0131kl\u0131\u011f\u0131n\u0131 iyile\u015ftirmek, a\u011fr\u0131y\u0131 azaltmak ve genel sa\u011fl\u0131\u011f\u0131 geli\u015ftirmek i\u00e7in eklemlerin ve yumu\u015fak dokular\u0131n mobilizasyonunu ve manip\u00fclasyonunu i\u00e7erir. Manuel terapi teknikleri, fizyoterapistler taraf\u0131ndan yayg\u0131n olarak kullan\u0131lmaktad\u0131r. Manuel terapi s\u0131rt a\u011fr\u0131s\u0131, boyun a\u011fr\u0131s\u0131, eklem a\u011fr\u0131s\u0131, kas [&hellip;]<\/p>\n","protected":false},"author":1,"featured_media":287,"parent":336,"menu_order":0,"comment_status":"closed","ping_status":"closed","template":"","meta":{"footnotes":"","_links_to":"","_links_to_target":""},"class_list":["post-345","page","type-page","status-publish","has-post-thumbnail","hentry"],"aioseo_notices":[],"_links":{"self":[{"href":"https:\/\/ptrustacademy.com\/en\/wp-json\/wp\/v2\/pages\/345","targetHints":{"allow":["GET"]}}],"collection":[{"href":"https:\/\/ptrustacademy.com\/en\/wp-json\/wp\/v2\/pages"}],"about":[{"href":"https:\/\/ptrustacademy.com\/en\/wp-json\/wp\/v2\/types\/page"}],"author":[{"embeddable":true,"href":"https:\/\/ptrustacademy.com\/en\/wp-json\/wp\/v2\/users\/1"}],"replies":[{"embeddable":true,"href":"https:\/\/ptrustacademy.com\/en\/wp-json\/wp\/v2\/comments?post=345"}],"version-history":[{"count":0,"href":"https:\/\/ptrustacademy.com\/en\/wp-json\/wp\/v2\/pages\/345\/revisions"}],"up":[{"embeddable":true,"href":"https:\/\/ptrustacademy.com\/en\/wp-json\/wp\/v2\/pages\/336"}],"wp:featuredmedia":[{"embeddable":true,"href":"https:\/\/ptrustacademy.com\/en\/wp-json\/wp\/v2\/media\/287"}],"wp:attachment":[{"href":"https:\/\/ptrustacademy.com\/en\/wp-json\/wp\/v2\/media?parent=345"}],"curies":[{"name":"wp","href":"https:\/\/api.w.org\/{rel}","templated":true}]}}