{"id":348,"date":"2024-01-01T17:39:26","date_gmt":"2024-01-01T14:39:26","guid":{"rendered":"https:\/\/ptrustacademy.com\/fizyoterapi-hizmetlerimiz\/saglikli-kilo-kontrolu-icin-egzersiz-egitimi\/"},"modified":"2024-01-01T17:39:26","modified_gmt":"2024-01-01T14:39:26","slug":"saglikli-kilo-kontrolu-icin-egzersiz-egitimi","status":"publish","type":"page","link":"https:\/\/ptrustacademy.com\/en\/our-physiotherapy-services\/saglikli-kilo-kontrolu-icin-egzersiz-egitimi\/","title":{"rendered":"Sa\u011fl\u0131kl\u0131 Kilo Kontrol\u00fc i\u00e7in Egzersiz E\u011fitimi"},"content":{"rendered":"<p><a href=\"https:\/\/demo.ptrustacademy.com\/wp-content\/uploads\/2024\/01\/image00017-scaled.jpeg\"><img loading=\"lazy\" decoding=\"async\" class=\"size-medium wp-image-197 aligncenter\" src=\"https:\/\/demo.ptrustacademy.com\/wp-content\/uploads\/2024\/01\/image00017-225x300.jpeg\" alt=\"\" width=\"225\" height=\"300\" srcset=\"https:\/\/ptrustacademy.com\/wp-content\/uploads\/2024\/01\/image00017-225x300.jpeg 225w, https:\/\/ptrustacademy.com\/wp-content\/uploads\/2024\/01\/image00017-768x1024.jpeg 768w, https:\/\/ptrustacademy.com\/wp-content\/uploads\/2024\/01\/image00017-1152x1536.jpeg 1152w, https:\/\/ptrustacademy.com\/wp-content\/uploads\/2024\/01\/image00017-1536x2048.jpeg 1536w, https:\/\/ptrustacademy.com\/wp-content\/uploads\/2024\/01\/image00017-scaled.jpeg 1920w\" sizes=\"auto, (max-width: 225px) 100vw, 225px\" \/><\/a><\/p>\n<p>Egzersiz, sa\u011fl\u0131kl\u0131 bir kilo verme plan\u0131n\u0131n \u00f6nemli bir bile\u015fenidir. Sadece kalori yakmaya yard\u0131mc\u0131 olmakla kalmaz, ayn\u0131 zamanda genel refaha da katk\u0131da bulunur ve s\u00fcrd\u00fcr\u00fclebilir kilo y\u00f6netimini destekler.<\/p>\n<p>S\u00fcrd\u00fcr\u00fclebilir kilo kayb\u0131n\u0131n d\u00fczenli fiziksel aktivite, dengeli beslenme ve di\u011fer ya\u015fam tarz\u0131 fakt\u00f6rlerinin bir kombinasyonudur. Kilo vermeye ger\u00e7ek\u00e7i beklentilerle yakla\u015fmak ve uzun vadeli, sa\u011fl\u0131kl\u0131 al\u0131\u015fkanl\u0131klar olu\u015fturmaya odaklanmak \u00f6nemlidir. Alan\u0131nda uzman fizyoterapistler taraf\u0131ndan olu\u015fturulacak egzersiz programlar\u0131 ile bireylerin hedefledikleri kilolara sa\u011fl\u0131kl\u0131 ve g\u00fcvenli bir \u015fekilde ula\u015fmalar\u0131 sa\u011flanmaktad\u0131r.<\/p>\n<p><a href=\"https:\/\/demo.ptrustacademy.com\/wp-content\/uploads\/2024\/01\/image00019-scaled.jpeg\"><img loading=\"lazy\" decoding=\"async\" class=\"size-medium wp-image-199 aligncenter\" src=\"https:\/\/demo.ptrustacademy.com\/wp-content\/uploads\/2024\/01\/image00019-225x300.jpeg\" alt=\"\" width=\"225\" height=\"300\" srcset=\"https:\/\/ptrustacademy.com\/wp-content\/uploads\/2024\/01\/image00019-225x300.jpeg 225w, https:\/\/ptrustacademy.com\/wp-content\/uploads\/2024\/01\/image00019-768x1024.jpeg 768w, https:\/\/ptrustacademy.com\/wp-content\/uploads\/2024\/01\/image00019-1152x1536.jpeg 1152w, https:\/\/ptrustacademy.com\/wp-content\/uploads\/2024\/01\/image00019-1536x2048.jpeg 1536w, https:\/\/ptrustacademy.com\/wp-content\/uploads\/2024\/01\/image00019-scaled.jpeg 1920w\" sizes=\"auto, (max-width: 225px) 100vw, 225px\" \/><\/a><\/p>\n","protected":false},"excerpt":{"rendered":"<p>Egzersiz, sa\u011fl\u0131kl\u0131 bir kilo verme plan\u0131n\u0131n \u00f6nemli bir bile\u015fenidir. Sadece kalori yakmaya yard\u0131mc\u0131 olmakla kalmaz, ayn\u0131 zamanda genel refaha da katk\u0131da bulunur ve s\u00fcrd\u00fcr\u00fclebilir kilo y\u00f6netimini destekler. S\u00fcrd\u00fcr\u00fclebilir kilo kayb\u0131n\u0131n d\u00fczenli fiziksel aktivite, dengeli beslenme ve di\u011fer ya\u015fam tarz\u0131 fakt\u00f6rlerinin bir kombinasyonudur. Kilo vermeye ger\u00e7ek\u00e7i beklentilerle yakla\u015fmak ve uzun vadeli, sa\u011fl\u0131kl\u0131 al\u0131\u015fkanl\u0131klar olu\u015fturmaya odaklanmak \u00f6nemlidir. [&hellip;]<\/p>\n","protected":false},"author":1,"featured_media":291,"parent":336,"menu_order":0,"comment_status":"closed","ping_status":"closed","template":"","meta":{"footnotes":"","_links_to":"","_links_to_target":""},"class_list":["post-348","page","type-page","status-publish","has-post-thumbnail","hentry"],"aioseo_notices":[],"_links":{"self":[{"href":"https:\/\/ptrustacademy.com\/en\/wp-json\/wp\/v2\/pages\/348","targetHints":{"allow":["GET"]}}],"collection":[{"href":"https:\/\/ptrustacademy.com\/en\/wp-json\/wp\/v2\/pages"}],"about":[{"href":"https:\/\/ptrustacademy.com\/en\/wp-json\/wp\/v2\/types\/page"}],"author":[{"embeddable":true,"href":"https:\/\/ptrustacademy.com\/en\/wp-json\/wp\/v2\/users\/1"}],"replies":[{"embeddable":true,"href":"https:\/\/ptrustacademy.com\/en\/wp-json\/wp\/v2\/comments?post=348"}],"version-history":[{"count":0,"href":"https:\/\/ptrustacademy.com\/en\/wp-json\/wp\/v2\/pages\/348\/revisions"}],"up":[{"embeddable":true,"href":"https:\/\/ptrustacademy.com\/en\/wp-json\/wp\/v2\/pages\/336"}],"wp:featuredmedia":[{"embeddable":true,"href":"https:\/\/ptrustacademy.com\/en\/wp-json\/wp\/v2\/media\/291"}],"wp:attachment":[{"href":"https:\/\/ptrustacademy.com\/en\/wp-json\/wp\/v2\/media?parent=348"}],"curies":[{"name":"wp","href":"https:\/\/api.w.org\/{rel}","templated":true}]}}