{"id":349,"date":"2024-01-01T17:40:43","date_gmt":"2024-01-01T14:40:43","guid":{"rendered":"https:\/\/ptrustacademy.com\/fizyoterapi-hizmetlerimiz\/spor-yaralanmalarinda-risk-analizi\/"},"modified":"2024-01-01T17:40:43","modified_gmt":"2024-01-01T14:40:43","slug":"spor-yaralanmalarinda-risk-analizi","status":"publish","type":"page","link":"https:\/\/ptrustacademy.com\/en\/our-physiotherapy-services\/spor-yaralanmalarinda-risk-analizi\/","title":{"rendered":"Spor Yaralanmalar\u0131nda Risk Analizi"},"content":{"rendered":"<p>Spor yaralanmalar\u0131nda risk analizi, sporda yaralanmalar\u0131n \u00f6nlenmesine katk\u0131da bulunan fakt\u00f6rlerin tan\u0131mlanmas\u0131n\u0131 ve de\u011ferlendirilmesini i\u00e7erir. Bu s\u00fcre\u00e7, etkili yaralanma \u00f6nleme stratejileri geli\u015ftirmek ve sporcular\u0131n genel g\u00fcvenli\u011fini art\u0131rmak i\u00e7in \u00e7ok \u00f6nemlidir. Spor yaralanmalar\u0131nda risk analizinin temel y\u00f6nleri \u015funlard\u0131r:<\/p>\n<p>Risk Fakt\u00f6rlerinin Belirlenmesi:<\/p>\n<p>\u0130\u00e7sel Fakt\u00f6rler: Bu fakt\u00f6rler; sporcunun ya\u015f\u0131, cinsiyeti, v\u00fccut kompozisyonu, kondisyon d\u00fczeyi ve \u00f6nceki yaralanma ge\u00e7mi\u015fi gibi bireysel \u00f6zellikleridir.<\/p>\n<p>D\u0131\u015fsal Fakt\u00f6rler: Bu fakt\u00f6rler; spor ortam\u0131, ekipman, zemin ve hava ko\u015fullar\u0131yla ilgili d\u0131\u015f fakt\u00f6rlerdir.<\/p>\n<p>Yaralanma Mekanizmalar\u0131n\u0131n De\u011ferlendirilmesi: Yaralanmalar\u0131n nas\u0131l olu\u015ftu\u011funu anlamak, yaralanmalar\u0131 \u00f6nleme a\u00e7\u0131s\u0131ndan \u00f6nemlidir. De\u011ferlendirmeler belirli bir sporda yaralanmalara yol a\u00e7an belirli hareketlerin ve ko\u015fullar\u0131n analiz edilmesini i\u00e7erir. Biyomekanik de\u011ferlendirmeler, spor aktiviteleri s\u0131ras\u0131nda v\u00fccuda etki eden hareket kal\u0131plar\u0131n\u0131 ve kuvvetleri incelemek i\u00e7in kullan\u0131labilir.<\/p>\n<p>Spora \u00d6zel Durumlar: Farkl\u0131 sporlar\u0131n farkl\u0131 \u00f6zellikleri ve yaralanma \u015fekilleri vard\u0131r. Risk analizini spor bran\u015f\u0131n\u0131n do\u011fas\u0131na g\u00f6re uyarlamak hedefe y\u00f6nelik \u00f6nleme stratejilerine olanak tan\u0131r.<\/p>\n<p>Periyodik Yeniden De\u011ferlendirme: Ya\u015f, cinsiyet, antrenman de\u011fi\u015fiklikleri veya spor bran\u015f\u0131ndaki de\u011fi\u015fiklikler gibi fakt\u00f6rlere ba\u011fl\u0131 olarak risk fakt\u00f6rleri zamanla de\u011fi\u015febilir. D\u00fczenli yeniden de\u011ferlendirme, yaralanma \u00f6nleme stratejilerinin buna g\u00f6re ayarlanmas\u0131na yard\u0131mc\u0131 olur.<\/p>\n<p>M\u00fcdahale ve \u00d6nleme: Belirlenen risk fakt\u00f6rlerine dayal\u0131 olarak hedefe y\u00f6nelik do\u011fru m\u00fcdahalelerin uygulanmas\u0131, risk analizinin kritik bir bile\u015fenidir. \u00d6nleme stratejileri, e\u011fitim programlar\u0131n\u0131n de\u011fi\u015ftirilmesini, ekipman\u0131n iyile\u015ftirilmesini, kural de\u011fi\u015fikliklerinin uygulanmas\u0131n\u0131, uygun teknikler ve yaralanmalar\u0131n \u00f6nlenmesi konusunda e\u011fitim sa\u011flanmas\u0131n\u0131 i\u00e7erir.<\/p>\n","protected":false},"excerpt":{"rendered":"<p>Spor yaralanmalar\u0131nda risk analizi, sporda yaralanmalar\u0131n \u00f6nlenmesine katk\u0131da bulunan fakt\u00f6rlerin tan\u0131mlanmas\u0131n\u0131 ve de\u011ferlendirilmesini i\u00e7erir. Bu s\u00fcre\u00e7, etkili yaralanma \u00f6nleme stratejileri geli\u015ftirmek ve sporcular\u0131n genel g\u00fcvenli\u011fini art\u0131rmak i\u00e7in \u00e7ok \u00f6nemlidir. Spor yaralanmalar\u0131nda risk analizinin temel y\u00f6nleri \u015funlard\u0131r: Risk Fakt\u00f6rlerinin Belirlenmesi: \u0130\u00e7sel Fakt\u00f6rler: Bu fakt\u00f6rler; sporcunun ya\u015f\u0131, cinsiyeti, v\u00fccut kompozisyonu, kondisyon d\u00fczeyi ve \u00f6nceki yaralanma ge\u00e7mi\u015fi gibi [&hellip;]<\/p>\n","protected":false},"author":1,"featured_media":279,"parent":336,"menu_order":0,"comment_status":"closed","ping_status":"closed","template":"","meta":{"footnotes":"","_links_to":"","_links_to_target":""},"class_list":["post-349","page","type-page","status-publish","has-post-thumbnail","hentry"],"aioseo_notices":[],"_links":{"self":[{"href":"https:\/\/ptrustacademy.com\/en\/wp-json\/wp\/v2\/pages\/349","targetHints":{"allow":["GET"]}}],"collection":[{"href":"https:\/\/ptrustacademy.com\/en\/wp-json\/wp\/v2\/pages"}],"about":[{"href":"https:\/\/ptrustacademy.com\/en\/wp-json\/wp\/v2\/types\/page"}],"author":[{"embeddable":true,"href":"https:\/\/ptrustacademy.com\/en\/wp-json\/wp\/v2\/users\/1"}],"replies":[{"embeddable":true,"href":"https:\/\/ptrustacademy.com\/en\/wp-json\/wp\/v2\/comments?post=349"}],"version-history":[{"count":0,"href":"https:\/\/ptrustacademy.com\/en\/wp-json\/wp\/v2\/pages\/349\/revisions"}],"up":[{"embeddable":true,"href":"https:\/\/ptrustacademy.com\/en\/wp-json\/wp\/v2\/pages\/336"}],"wp:featuredmedia":[{"embeddable":true,"href":"https:\/\/ptrustacademy.com\/en\/wp-json\/wp\/v2\/media\/279"}],"wp:attachment":[{"href":"https:\/\/ptrustacademy.com\/en\/wp-json\/wp\/v2\/media?parent=349"}],"curies":[{"name":"wp","href":"https:\/\/api.w.org\/{rel}","templated":true}]}}