{"id":351,"date":"2024-01-01T17:38:20","date_gmt":"2024-01-01T14:38:20","guid":{"rendered":"https:\/\/ptrustacademy.com\/fizyoterapi-hizmetlerimiz\/spora-donus\/"},"modified":"2024-01-01T17:38:20","modified_gmt":"2024-01-01T14:38:20","slug":"spora-donus","status":"publish","type":"page","link":"https:\/\/ptrustacademy.com\/en\/our-physiotherapy-services\/spora-donus\/","title":{"rendered":"Spora D\u00f6n\u00fc\u015f"},"content":{"rendered":"<p><a href=\"https:\/\/demo.ptrustacademy.com\/wp-content\/uploads\/2024\/01\/image00012-scaled.jpeg\"><img loading=\"lazy\" decoding=\"async\" class=\"alignleft size-medium wp-image-189\" src=\"https:\/\/demo.ptrustacademy.com\/wp-content\/uploads\/2024\/01\/image00012-225x300.jpeg\" alt=\"\" width=\"225\" height=\"300\" srcset=\"https:\/\/ptrustacademy.com\/wp-content\/uploads\/2024\/01\/image00012-225x300.jpeg 225w, https:\/\/ptrustacademy.com\/wp-content\/uploads\/2024\/01\/image00012-768x1024.jpeg 768w, https:\/\/ptrustacademy.com\/wp-content\/uploads\/2024\/01\/image00012-1152x1536.jpeg 1152w, https:\/\/ptrustacademy.com\/wp-content\/uploads\/2024\/01\/image00012-1536x2048.jpeg 1536w, https:\/\/ptrustacademy.com\/wp-content\/uploads\/2024\/01\/image00012-scaled.jpeg 1920w\" sizes=\"auto, (max-width: 225px) 100vw, 225px\" \/><\/a>Bir yaralanman\u0131n ard\u0131ndan spora d\u00f6n\u00fc\u015f, sporcunun fiziksel aktiviteye g\u00fcvenli ve etkili bir \u015fekilde devam edebilmesini sa\u011flamak i\u00e7in a\u015famal\u0131 ve dikkatle y\u00f6netilmesi gereken bir s\u00fcre\u00e7tir. Genellikle &#8220;spora d\u00f6n\u00fc\u015f&#8221; (RTS) olarak an\u0131lan spora d\u00f6n\u00fc\u015f s\u00fcreci, birka\u00e7 \u00f6nemli noktay\u0131 i\u00e7erir:<\/p>\n<p>T\u0131bbi De\u011ferlendirme: Spora d\u00f6nmeden \u00f6nce sporcunun, bir sa\u011fl\u0131k uzman\u0131 taraf\u0131ndan kapsaml\u0131 bir t\u0131bbi de\u011ferlendirmeden ge\u00e7mesi gerekir. Bu de\u011ferlendirme, iyile\u015fme s\u00fcrecini ve fonksiyonel yetenekleri i\u00e7erir.<\/p>\n<p>Fizyoterapi ve Rehabilitasyon: Rehabilitasyon spora d\u00f6n\u00fc\u015f s\u00fcrecinin \u00f6nemli bir bile\u015fenidir. Fizyoterapistler, kas kuvvetini, esnekli\u011fi ve fonksiyonel hareketleri geli\u015ftirmek i\u00e7in sporcularla birlikte \u00e7al\u0131\u015f\u0131r. Rehabilitasyon program\u0131 spesifik olarak yaralanman\u0131n t\u00fcr\u00fcne ve sporcunun taleplerine g\u00f6re uyarlanmal\u0131d\u0131r.<\/p>\n<p>Fonksiyonel testler :Fonksiyonel testler, bir sporcunun spora \u00f6zg\u00fc hareketleri ger\u00e7ekle\u015ftirme yetene\u011fini de\u011ferlendirmek i\u00e7in kullan\u0131l\u0131r. Bu testler \u00e7eviklik egzersizlerini, denge de\u011ferlendirmelerini ve sporcunun talepleriyle ilgili di\u011fer de\u011ferlendirmeleri i\u00e7erebilir. Sonu\u00e7lar sporcunun daha yo\u011fun antrenman ve rekabete haz\u0131r olup olmad\u0131\u011f\u0131n\u0131n belirlenmesine yard\u0131mc\u0131 olur.<\/p>\n<p>Spora \u00d6zel E\u011fitim: Sporcu spora d\u00f6n\u00fc\u015f s\u00fcrecinde ilerledik\u00e7e odak noktas\u0131 spora \u00f6zel antrenmanlara kayar. Spora \u00f6zel egzersiz planlar\u0131 olu\u015fturmak spora d\u00f6n\u00fc\u015f s\u00fcrecini k\u0131saltacakt\u0131r.<a href=\"https:\/\/demo.ptrustacademy.com\/wp-content\/uploads\/2024\/01\/image00018-scaled.jpeg\"><img loading=\"lazy\" decoding=\"async\" class=\"size-medium wp-image-190 alignright\" src=\"https:\/\/demo.ptrustacademy.com\/wp-content\/uploads\/2024\/01\/image00018-300x225.jpeg\" alt=\"\" width=\"300\" height=\"225\" srcset=\"https:\/\/ptrustacademy.com\/wp-content\/uploads\/2024\/01\/image00018-300x225.jpeg 300w, https:\/\/ptrustacademy.com\/wp-content\/uploads\/2024\/01\/image00018-1024x768.jpeg 1024w, https:\/\/ptrustacademy.com\/wp-content\/uploads\/2024\/01\/image00018-768x576.jpeg 768w, https:\/\/ptrustacademy.com\/wp-content\/uploads\/2024\/01\/image00018-1536x1152.jpeg 1536w, https:\/\/ptrustacademy.com\/wp-content\/uploads\/2024\/01\/image00018-2048x1536.jpeg 2048w\" sizes=\"auto, (max-width: 300px) 100vw, 300px\" \/><\/a><\/p>\n<p>\u00d6nleme Stratejileri: Gelecekteki yaralanma risklerini azaltmak i\u00e7in yaralanma \u00f6nleme stratejilerinin uygulanmas\u0131 \u00f6nemlidir. \u00d6nleme stratejileri sora \u00f6zel egzersizleri, kondisyon programlar\u0131n\u0131 ve antrenman tekniklerinde yap\u0131lan de\u011fi\u015fiklikleri i\u00e7ermektedir.<\/p>\n<p>Spora d\u00f6n\u00fc\u015f s\u00fcrecinin son derece bireysel oldu\u011funu ve yaralanman\u0131n \u015fekline, ciddiyetine ve sporun \u00f6zel gereksinimlerine ba\u011fl\u0131 oldu\u011funu unutmamak \u00f6nemlidir. Sporcular, fizyoterapistler taraf\u0131ndan haz\u0131rlanan programlara uymal\u0131 ve yeniden yaralanma riskini en aza indirmek i\u00e7in yava\u015f yava\u015f spora yeniden entegre olmal\u0131d\u0131r. Spora \u00e7ok h\u0131zl\u0131 bir \u015fekilde veya uygun haz\u0131rl\u0131k yap\u0131lmadan d\u00f6nmek yaralanma riskini artt\u0131rabilir.<\/p>\n","protected":false},"excerpt":{"rendered":"<p>Bir yaralanman\u0131n ard\u0131ndan spora d\u00f6n\u00fc\u015f, sporcunun fiziksel aktiviteye g\u00fcvenli ve etkili bir \u015fekilde devam edebilmesini sa\u011flamak i\u00e7in a\u015famal\u0131 ve dikkatle y\u00f6netilmesi gereken bir s\u00fcre\u00e7tir. Genellikle &#8220;spora d\u00f6n\u00fc\u015f&#8221; (RTS) olarak an\u0131lan spora d\u00f6n\u00fc\u015f s\u00fcreci, birka\u00e7 \u00f6nemli noktay\u0131 i\u00e7erir: T\u0131bbi De\u011ferlendirme: Spora d\u00f6nmeden \u00f6nce sporcunun, bir sa\u011fl\u0131k uzman\u0131 taraf\u0131ndan kapsaml\u0131 bir t\u0131bbi de\u011ferlendirmeden ge\u00e7mesi gerekir. Bu de\u011ferlendirme, [&hellip;]<\/p>\n","protected":false},"author":1,"featured_media":290,"parent":336,"menu_order":0,"comment_status":"closed","ping_status":"closed","template":"","meta":{"footnotes":"","_links_to":"","_links_to_target":""},"class_list":["post-351","page","type-page","status-publish","has-post-thumbnail","hentry"],"aioseo_notices":[],"_links":{"self":[{"href":"https:\/\/ptrustacademy.com\/en\/wp-json\/wp\/v2\/pages\/351","targetHints":{"allow":["GET"]}}],"collection":[{"href":"https:\/\/ptrustacademy.com\/en\/wp-json\/wp\/v2\/pages"}],"about":[{"href":"https:\/\/ptrustacademy.com\/en\/wp-json\/wp\/v2\/types\/page"}],"author":[{"embeddable":true,"href":"https:\/\/ptrustacademy.com\/en\/wp-json\/wp\/v2\/users\/1"}],"replies":[{"embeddable":true,"href":"https:\/\/ptrustacademy.com\/en\/wp-json\/wp\/v2\/comments?post=351"}],"version-history":[{"count":0,"href":"https:\/\/ptrustacademy.com\/en\/wp-json\/wp\/v2\/pages\/351\/revisions"}],"up":[{"embeddable":true,"href":"https:\/\/ptrustacademy.com\/en\/wp-json\/wp\/v2\/pages\/336"}],"wp:featuredmedia":[{"embeddable":true,"href":"https:\/\/ptrustacademy.com\/en\/wp-json\/wp\/v2\/media\/290"}],"wp:attachment":[{"href":"https:\/\/ptrustacademy.com\/en\/wp-json\/wp\/v2\/media?parent=351"}],"curies":[{"name":"wp","href":"https:\/\/api.w.org\/{rel}","templated":true}]}}